{"id":5793,"date":"2024-11-14T13:20:55","date_gmt":"2024-11-14T10:20:55","guid":{"rendered":"https:\/\/dahmira.pl\/?post_type=product&#038;p=5793"},"modified":"2024-11-14T13:21:40","modified_gmt":"2024-11-14T10:21:40","slug":"rury-transportowe","status":"publish","type":"product","link":"https:\/\/dahmira.pl\/en\/product\/rury-transportowe\/","title":{"rendered":"Rury transportowe"},"content":{"rendered":"<div><\/div>\n","protected":false},"excerpt":{"rendered":"<p>Rura transportowa jest nieod\u0142\u0105czn\u0105 cz\u0119\u015bci\u0105 zautomatyzowanych system\u00f3w dystrybucji paszy Daltec. S\u0142u\u017cy do transportu paszy w ca\u0142ym systemie, od miejsca przechowywania do karmnik\u00f3w dla zwierz\u0105t.<\/p>\n<p>Materia\u0142: stal galwanizowana. Pow\u0142oka galwaniczna (cynk) niezawodnie chroni rur\u0119 przed wilgoci\u0105, agresywnymi czynnikami i przed\u0142u\u017ca jej \u017cywotno\u015b\u0107.<\/p>\n<p>D\u0142ugo\u015b\u0107: 5 m<\/p>\n<table>\n<tbody>\n<tr>\n<td width=\"113\">038270<\/td>\n<td width=\"453\">Rura transportowa, \u00d838 mm<\/td>\n<\/tr>\n<tr>\n<td width=\"113\">050270<\/td>\n<td width=\"453\">Rura transportowa \u00d8 50,8 mm (2&#8243;)<\/td>\n<\/tr>\n<tr>\n<td width=\"113\">060270<\/td>\n<td width=\"453\">Rura transportowa \u00d860 mm<\/td>\n<\/tr>\n<tr>\n<td width=\"113\">063270<\/td>\n<td width=\"453\">Rura transportowa \u00d863,5 mm (2,5&#8243;)<\/td>\n<\/tr>\n<\/tbody>\n<\/table>\n","protected":false},"featured_media":5794,"comment_status":"open","ping_status":"closed","template":"","meta":[],"product_cat":[72],"product_tag":[],"_links":{"self":[{"href":"https:\/\/dahmira.pl\/en\/wp-json\/wp\/v2\/product\/5793"}],"collection":[{"href":"https:\/\/dahmira.pl\/en\/wp-json\/wp\/v2\/product"}],"about":[{"href":"https:\/\/dahmira.pl\/en\/wp-json\/wp\/v2\/types\/product"}],"replies":[{"embeddable":true,"href":"https:\/\/dahmira.pl\/en\/wp-json\/wp\/v2\/comments?post=5793"}],"wp:featuredmedia":[{"embeddable":true,"href":"https:\/\/dahmira.pl\/en\/wp-json\/wp\/v2\/media\/5794"}],"wp:attachment":[{"href":"https:\/\/dahmira.pl\/en\/wp-json\/wp\/v2\/media?parent=5793"}],"wp:term":[{"taxonomy":"product_cat","embeddable":true,"href":"https:\/\/dahmira.pl\/en\/wp-json\/wp\/v2\/product_cat?post=5793"},{"taxonomy":"product_tag","embeddable":true,"href":"https:\/\/dahmira.pl\/en\/wp-json\/wp\/v2\/product_tag?post=5793"}],"curies":[{"name":"wp","href":"https:\/\/api.w.org\/{rel}","templated":true}]}}