{"id":5645,"date":"2024-11-01T14:28:15","date_gmt":"2024-11-01T11:28:15","guid":{"rendered":"https:\/\/dahmira.pl\/?post_type=product&#038;p=5645"},"modified":"2024-11-05T16:42:50","modified_gmt":"2024-11-05T13:42:50","slug":"silniki-i-skrzynie-biegow","status":"publish","type":"product","link":"https:\/\/dahmira.pl\/en\/product\/silniki-i-skrzynie-biegow\/","title":{"rendered":"Silniki i skrzynie bieg\u00f3w"},"content":{"rendered":"<table class=\"product-table\">\n<thead>\n<tr>\n<td style=\"text-align: center;\" width=\"46\"><strong>Artyku\u0142<\/strong><\/td>\n<td style=\"text-align: center;\" width=\"75\"><strong>Zdj\u0119cie<\/strong><\/td>\n<td style=\"text-align: center;\" width=\"160\"><strong>Nazwa<\/strong><\/td>\n<td width=\"274\">\n<p style=\"text-align: center;\"><strong>Opis<\/strong><\/p>\n<\/td>\n<\/tr>\n<\/thead>\n<tbody>\n<tr>\n<td width=\"46\">700108<\/td>\n<td width=\"75\"><img loading=\"lazy\" decoding=\"async\" class=\"size-medium wp-image-5435 aligncenter\" src=\"https:\/\/dahmira.com.ua\/wp-content\/uploads\/2024\/10\/motor-1-300x300.jpg\" alt=\"\" width=\"330\" height=\"225\" \/><\/td>\n<td style=\"text-align: left;\" width=\"160\">Silnik 0,75 kW 1410 obr\/min, Y400 V<\/td>\n<td style=\"text-align: left;\" width=\"300\">Silnik do nap\u0119d\u00f3w: LSG-50, 60-system, STD, UNIC, UNIC-2. Pr\u0105d 1,9 A, montowany razem ze sterowaniem lub ochron\u0105 silnika<\/td>\n<\/tr>\n<tr>\n<td width=\"46\">700109<\/td>\n<td width=\"75\"><img loading=\"lazy\" decoding=\"async\" class=\"size-medium wp-image-5436 aligncenter\" src=\"https:\/\/dahmira.com.ua\/wp-content\/uploads\/2024\/10\/Znimok-ekrana_31-10-2024_9310_-1-300x225.jpeg\" alt=\"\" width=\"300\" height=\"225\" \/><\/td>\n<td style=\"text-align: left;\" width=\"160\">Silnik 90 Y 400V 0,75 kW 920 obr\/min<\/td>\n<td style=\"text-align: left;\" width=\"300\">Silnik do nap\u0119d\u00f3w 63-systemu. Pr\u0105d 2,18 A, u\u017cywany z jednostk\u0105 sterowania lub ochron\u0105 silnika<\/td>\n<\/tr>\n<tr>\n<td width=\"46\">700105D<\/td>\n<td width=\"75\">\n<p style=\"text-align: center;\"><img loading=\"lazy\" decoding=\"async\" class=\"alignnone size-medium wp-image-5436\" src=\"https:\/\/dahmira.com.ua\/wp-content\/uploads\/2024\/10\/Znimok-ekrana_31-10-2024_9310_-1-300x225.jpeg\" alt=\"\" width=\"300\" height=\"225\" \/><\/p>\n<\/td>\n<td style=\"text-align: left;\" width=\"160\">Silnik 7AA90S04 1,1 kW 1400 obr\/min, Y400 V<\/td>\n<td style=\"text-align: left;\" width=\"300\">Silnik do nap\u0119d\u00f3w 63-systemu . U\u017cywany w systemach, w kt\u00f3rych wymagana jest dodatkowa moc. Pr\u0105d 2,64 A, montowany z jednostk\u0105 steruj\u0105c\u0105 lub ochron\u0105 silnika.<\/td>\n<\/tr>\n<tr>\n<td width=\"46\">700112<\/td>\n<td width=\"75\"><img loading=\"lazy\" decoding=\"async\" class=\"alignnone size-medium wp-image-5434 aligncenter\" src=\"https:\/\/dahmira.com.ua\/wp-content\/uploads\/2024\/10\/Motor-uluchsheno-300x265.jpeg\" alt=\"\" width=\"300\" height=\"265\" \/><\/td>\n<td style=\"text-align: left;\" width=\"160\">Silnik 1,5 kW 230\/400 V 2840 obr\/min<\/td>\n<td style=\"text-align: left;\" width=\"300\">Nadaje si\u0119 na przyk\u0142ad do nap\u0119d\u00f3w 63-systemu do nape\u0142niania silos\u00f3w. Mo\u017ce by\u0107 instalowany tylko w ma\u0142ych instalacjach o d\u0142ugo\u015bci do 60 metr\u00f3w i maksymalnie 8 naro\u017cnikach, w kt\u00f3rych na ka\u017cdym wylocie paszowym zainstalowane s\u0105 co najmniej 2 zawory Multimix. Pr\u0105d znamionowy 3,16 A, montowany z jednostk\u0105 steruj\u0105c\u0105 lub ochron\u0105 silnika.<\/td>\n<\/tr>\n<tr>\n<td width=\"46\">700114<\/td>\n<td width=\"75\"><img loading=\"lazy\" decoding=\"async\" class=\"size-medium wp-image-5434 aligncenter\" src=\"https:\/\/dahmira.com.ua\/wp-content\/uploads\/2024\/10\/Motor-uluchsheno-300x265.jpeg\" alt=\"\" width=\"300\" height=\"265\" \/><\/td>\n<td style=\"text-align: left;\" width=\"160\">Silnik 0,18 kW 1310 obr\/min, Y 400 V<\/td>\n<td style=\"text-align: left;\" width=\"300\">Silnik do odbiornika 400 VAC i Bio-Fix.<\/td>\n<\/tr>\n<\/tbody>\n<\/table>\n<p>&nbsp;<\/p>\n<table class=\"product-table\">\n<thead>\n<tr>\n<td style=\"text-align: center;\" width=\"46\"><strong>Artyku\u0142<\/strong><\/td>\n<td style=\"text-align: center;\" width=\"76\"><strong>Zdj\u0119cie<\/strong><\/td>\n<td style=\"text-align: center;\" width=\"145\"><strong>Nazwa<\/strong><\/td>\n<td style=\"text-align: center;\" width=\"269\"><strong>Opis<\/strong><\/td>\n<\/tr>\n<\/thead>\n<tbody>\n<tr>\n<td width=\"46\">205100<\/td>\n<td width=\"76\">\n<p style=\"text-align: center;\"><img loading=\"lazy\" decoding=\"async\" class=\"alignnone size-medium wp-image-5646\" src=\"https:\/\/dahmira.pl\/wp-content\/uploads\/2024\/11\/Znimok-ekrana_31-10-2024_95842_-1-300x263.jpeg\" alt=\"\" width=\"300\" height=\"263\" srcset=\"https:\/\/dahmira.pl\/wp-content\/uploads\/2024\/11\/Znimok-ekrana_31-10-2024_95842_-1-300x263.jpeg 300w, https:\/\/dahmira.pl\/wp-content\/uploads\/2024\/11\/Znimok-ekrana_31-10-2024_95842_-1-500x438.jpeg 500w, https:\/\/dahmira.pl\/wp-content\/uploads\/2024\/11\/Znimok-ekrana_31-10-2024_95842_-1-600x526.jpeg 600w, https:\/\/dahmira.pl\/wp-content\/uploads\/2024\/11\/Znimok-ekrana_31-10-2024_95842_-1-1024x897.jpeg 1024w, https:\/\/dahmira.pl\/wp-content\/uploads\/2024\/11\/Znimok-ekrana_31-10-2024_95842_-1-768x673.jpeg 768w, https:\/\/dahmira.pl\/wp-content\/uploads\/2024\/11\/Znimok-ekrana_31-10-2024_95842_-1.jpeg 1354w\" sizes=\"(max-width: 300px) 100vw, 300px\" \/><\/p>\n<\/td>\n<td style=\"text-align: left;\" width=\"145\">Skrzynia bieg\u00f3w 50:1, rozmiar 40<\/td>\n<td style=\"text-align: left;\" width=\"269\">Skrzynia bieg\u00f3w do odbiornika 400 VAC. O\u015b zamawiana oddzielnie.<\/td>\n<\/tr>\n<tr>\n<td width=\"46\">205120<\/td>\n<td width=\"76\"><img loading=\"lazy\" decoding=\"async\" class=\"alignnone size-medium wp-image-5647\" src=\"https:\/\/dahmira.pl\/wp-content\/uploads\/2024\/11\/Znimok-ekrana_1-11-2024_124140_-1-300x190.jpeg\" alt=\"\" width=\"300\" height=\"190\" srcset=\"https:\/\/dahmira.pl\/wp-content\/uploads\/2024\/11\/Znimok-ekrana_1-11-2024_124140_-1-300x190.jpeg 300w, https:\/\/dahmira.pl\/wp-content\/uploads\/2024\/11\/Znimok-ekrana_1-11-2024_124140_-1-500x317.jpeg 500w, https:\/\/dahmira.pl\/wp-content\/uploads\/2024\/11\/Znimok-ekrana_1-11-2024_124140_-1-600x380.jpeg 600w, https:\/\/dahmira.pl\/wp-content\/uploads\/2024\/11\/Znimok-ekrana_1-11-2024_124140_-1-1024x649.jpeg 1024w, https:\/\/dahmira.pl\/wp-content\/uploads\/2024\/11\/Znimok-ekrana_1-11-2024_124140_-1-768x487.jpeg 768w, https:\/\/dahmira.pl\/wp-content\/uploads\/2024\/11\/Znimok-ekrana_1-11-2024_124140_-1.jpeg 1228w\" sizes=\"(max-width: 300px) 100vw, 300px\" \/><\/td>\n<td style=\"text-align: left;\" width=\"145\">O\u015b do skrzyni bieg\u00f3w, odbiornik 400 V<\/td>\n<td style=\"text-align: left;\" width=\"269\">O\u015b do skrzyni bieg\u00f3w silnikowego odbiornika.<\/td>\n<\/tr>\n<tr>\n<td width=\"46\">101160<\/td>\n<td width=\"76\"><img loading=\"lazy\" decoding=\"async\" class=\"alignnone wp-image-5437 aligncenter\" src=\"https:\/\/dahmira.com.ua\/wp-content\/uploads\/2024\/10\/Znimok-ekrana_31-10-2024_95214_-1-300x237.jpeg\" alt=\"\" width=\"81\" height=\"64\" \/><\/td>\n<td style=\"text-align: left;\" width=\"145\">Skrzynia bieg\u00f3w 50:1, o\u015b 120 mm, rozmiar 75<\/td>\n<td style=\"text-align: left;\" width=\"269\">Dla standardowego nap\u0119du.<\/td>\n<\/tr>\n<tr>\n<td width=\"46\">101155<\/td>\n<td width=\"76\"><img loading=\"lazy\" decoding=\"async\" class=\"alignnone wp-image-5437 aligncenter\" src=\"https:\/\/dahmira.com.ua\/wp-content\/uploads\/2024\/10\/Znimok-ekrana_31-10-2024_95214_-1-300x237.jpeg\" alt=\"\" width=\"87\" height=\"69\" \/><\/td>\n<td style=\"text-align: left;\" width=\"145\">Skrzynia bieg\u00f3w 50:1, o\u015b 67 mm, rozmiar 75<\/td>\n<td style=\"text-align: left;\" width=\"269\">Dla nap\u0119du UNIC i nap\u0119du standardowego.<\/td>\n<\/tr>\n<tr>\n<td width=\"46\">101166<\/td>\n<td width=\"76\"><img loading=\"lazy\" decoding=\"async\" class=\"alignnone wp-image-5437 aligncenter\" src=\"https:\/\/dahmira.com.ua\/wp-content\/uploads\/2024\/10\/Znimok-ekrana_31-10-2024_95214_-1-300x237.jpeg\" alt=\"\" width=\"95\" height=\"75\" \/><\/td>\n<td style=\"text-align: left;\" width=\"145\">Skrzynia bieg\u00f3w 50:1, o\u015b manganowa, rozmiar 75<\/td>\n<td style=\"text-align: left;\" width=\"269\">Do nap\u0119d\u00f3w LSG-50 i 60-system\u00f3w.<\/td>\n<\/tr>\n<tr>\n<td width=\"46\">101170<\/td>\n<td width=\"76\"><img loading=\"lazy\" decoding=\"async\" class=\"alignnone wp-image-5437 aligncenter\" src=\"https:\/\/dahmira.com.ua\/wp-content\/uploads\/2024\/10\/Znimok-ekrana_31-10-2024_95214_-1-300x237.jpeg\" alt=\"\" width=\"101\" height=\"80\" \/><\/td>\n<td style=\"text-align: left;\" width=\"145\">Skrzynia bieg\u00f3w 50:1, o\u015b manganowa, rozmiar 90<\/td>\n<td style=\"text-align: left;\" width=\"269\">Dla nap\u0119d\u00f3w 63-systemu.<\/td>\n<\/tr>\n<\/tbody>\n<\/table>\n","protected":false},"excerpt":{"rendered":"<p>Daltec jest uznanym liderem w produkcji wysokiej jako\u015bci system\u00f3w transportu pasz dla zwierz\u0105t gospodarskich. Jednym z kluczowych element\u00f3w tych system\u00f3w s\u0105 silniki i skrzynie bieg\u00f3w, kt\u00f3re zapewniaj\u0105 niezawodne i wydajne dzia\u0142anie wyposa\u017cenia. Komponenty te s\u0105 wykonane z trwa\u0142ych materia\u0142\u00f3w, aby zapewni\u0107 d\u0142ug\u0105 \u017cywotno\u015b\u0107 nawet w najbardziej wymagaj\u0105cych warunkach. Optymalnie dobrane silniki i skrzynie bieg\u00f3w zapewniaj\u0105 minimalny pob\u00f3r mocy, a odpowiednio dobrane komponenty pozwalaj\u0105 na r\u00f3wnomierne roz\u0142o\u017cenie posuwu na ca\u0142ej d\u0142ugo\u015bci linki. Silnik nap\u0119dza wa\u0142, kt\u00f3ry nap\u0119dza link\u0119 transportow\u0105. Skrzynia bieg\u00f3w mo\u017ce by\u0107 u\u017cywana do p\u0142ynnej zmiany pr\u0119dko\u015bci linki, zapewniaj\u0105c precyzyjne podawanie.<\/p>\n","protected":false},"featured_media":5649,"comment_status":"open","ping_status":"closed","template":"","meta":[],"product_cat":[72],"product_tag":[],"_links":{"self":[{"href":"https:\/\/dahmira.pl\/en\/wp-json\/wp\/v2\/product\/5645"}],"collection":[{"href":"https:\/\/dahmira.pl\/en\/wp-json\/wp\/v2\/product"}],"about":[{"href":"https:\/\/dahmira.pl\/en\/wp-json\/wp\/v2\/types\/product"}],"replies":[{"embeddable":true,"href":"https:\/\/dahmira.pl\/en\/wp-json\/wp\/v2\/comments?post=5645"}],"wp:featuredmedia":[{"embeddable":true,"href":"https:\/\/dahmira.pl\/en\/wp-json\/wp\/v2\/media\/5649"}],"wp:attachment":[{"href":"https:\/\/dahmira.pl\/en\/wp-json\/wp\/v2\/media?parent=5645"}],"wp:term":[{"taxonomy":"product_cat","embeddable":true,"href":"https:\/\/dahmira.pl\/en\/wp-json\/wp\/v2\/product_cat?post=5645"},{"taxonomy":"product_tag","embeddable":true,"href":"https:\/\/dahmira.pl\/en\/wp-json\/wp\/v2\/product_tag?post=5645"}],"curies":[{"name":"wp","href":"https:\/\/api.w.org\/{rel}","templated":true}]}}