{"id":5635,"date":"2024-10-25T14:21:16","date_gmt":"2024-10-25T11:21:16","guid":{"rendered":"https:\/\/dahmira.pl\/?post_type=product&#038;p=5635"},"modified":"2024-11-20T12:32:47","modified_gmt":"2024-11-20T09:32:47","slug":"zawory-multimix","status":"publish","type":"product","link":"https:\/\/dahmira.pl\/en\/product\/zawory-multimix\/","title":{"rendered":"Zawory Multimix"},"content":{"rendered":"<table class=\"product-table\">\n<thead>\n<tr>\n<td width=\"35\"><strong>Artyku\u0142 <\/strong><\/td>\n<td width=\"250\"><strong>Nazwa<\/strong><\/td>\n<td width=\"299\"><strong>Opis<\/strong><\/td>\n<\/tr>\n<\/thead>\n<tbody>\n<tr>\n<td width=\"35\">050440<\/td>\n<td style=\"text-align: left;\" width=\"270\">Zaw\u00f3r Multimix z po\u0142\u0105czeniem zwrotnym, system 50<\/td>\n<td style=\"text-align: left;\" rowspan=\"3\" width=\"400\">Zaw\u00f3r elektryczny do sterowania sygna\u0142em ON\/OFF. Ze sprz\u0119\u017ceniem zwrotnym do otwierania\/zamykania. Jest instalowany do karmienia fazowego, gdzie podawanych jest kilka mieszanek paszowych. Pozycja otwarta zaworu jest wskazywana przez wyra\u017any sygna\u0142 \u015bwietlny. Montowany z rur\u0105 spustow\u0105 \u00d875 mm, art. 700220.<\/td>\n<\/tr>\n<tr>\n<td width=\"35\">060440<\/td>\n<td style=\"text-align: left;\" width=\"270\">Zaw\u00f3r Multimix z po\u0142\u0105czeniem zwrotnym, system 60<\/td>\n<\/tr>\n<tr>\n<td width=\"35\">063440<\/td>\n<td style=\"text-align: left;\" width=\"270\">Zaw\u00f3r Multimix z po\u0142\u0105czeniem zwrotnym, system 63<\/td>\n<\/tr>\n<tr>\n<td width=\"35\">050440.D1<\/td>\n<td style=\"text-align: left;\" width=\"270\">Zaw\u00f3r Multimix z po\u0142\u0105czeniem\/czujnikiem, system 50<\/td>\n<td style=\"text-align: left;\" rowspan=\"3\" width=\"400\">Zaw\u00f3r elektryczny do sieciowej jednostki steruj\u0105cej Feed Assistant (D sie\u0107 1 protok\u00f3\u0142). Je\u015bli zainstalowany jest czujnik, zaw\u00f3r powiadomi jednostk\u0119 steruj\u0105c\u0105 Feed Assistant o potrzebie karmienia. Jest montowany z rur\u0105 spustow\u0105 \u00d875 mm, art. 700220.<\/td>\n<\/tr>\n<tr>\n<td width=\"35\">060440.D1<\/td>\n<td style=\"text-align: left;\" width=\"270\">Zaw\u00f3r Multimix z po\u0142\u0105czeniem\/czujnikiem, system 60<\/td>\n<\/tr>\n<tr>\n<td width=\"35\">063440.D1<\/td>\n<td style=\"text-align: left;\" width=\"270\">Zaw\u00f3r Multimix z po\u0142\u0105czeniem\/czujnikiem, system 63<\/td>\n<\/tr>\n<tr>\n<td width=\"35\">050440.D2<\/td>\n<td style=\"text-align: left;\" width=\"270\">Zaw\u00f3r Multimix z po\u0142\u0105czeniem\/czujnikiem, system 50, D-sie\u0107 2<\/td>\n<td style=\"text-align: left;\" rowspan=\"3\" width=\"400\">Zaw\u00f3r elektryczny dla sieci Feed Assistant Online+ ( D-sie\u0107 2 protok\u00f3\u0142). Mo\u017cna zainstalowa\u0107 czujnik powiadamiaj\u0105cy jednostk\u0119 steruj\u0105c\u0105 Feed Assistant o konieczno\u015bci podania paszy. Jest montowany z rur\u0105 spustow\u0105 \u00d875 mm, art. 700220.<\/td>\n<\/tr>\n<tr>\n<td width=\"35\">060440.D2<\/td>\n<td style=\"text-align: left;\" width=\"270\">Zaw\u00f3r Multimix z po\u0142\u0105czeniem\/czujnikiem, system 60, D-sie\u0107 2<\/td>\n<\/tr>\n<tr>\n<td width=\"35\">063440.D2<\/td>\n<td style=\"text-align: left;\" width=\"270\">Zaw\u00f3r Multimix z po\u0142\u0105czeniem\/czujnikiem, system 63, D-sie\u0107 2<\/td>\n<\/tr>\n<\/tbody>\n<\/table>\n<p>&nbsp;<\/p>\n<p style=\"text-align: center;\"><strong>Dodatkowe cz\u0119\u015bci dla zaworu<\/strong><\/p>\n<table class=\"product-table\">\n<tbody>\n<tr>\n<td width=\"55\">270440<\/td>\n<td width=\"71\"><img loading=\"lazy\" decoding=\"async\" class=\"wp-image-5527 aligncenter\" src=\"https:\/\/dahmira.com.ua\/wp-content\/uploads\/2024\/10\/Znimok_ekrana_19-11-2024_12151_www.iloveimg.com-removebg-preview-300x146.png\" alt=\"\" width=\"105\" height=\"52\" \/><\/td>\n<td width=\"420\">\n<p style=\"text-align: left;\">Obejma dla zaworu Multimix<\/p>\n<p style=\"text-align: left;\">Stosowany do podtrzymywania rury przy zaworze Multimix. Montowany razem z 4 odpowiednimi obejmami, art. 270004, 270006 lub 270007.<\/p>\n<\/td>\n<\/tr>\n<tr>\n<td width=\"55\">E440303<\/td>\n<td width=\"71\"><img loading=\"lazy\" decoding=\"async\" class=\"wp-image-5530 aligncenter\" src=\"https:\/\/dahmira.com.ua\/wp-content\/uploads\/2024\/10\/Znimok_ekrana_19-11-2024_12514_-removebg-preview-e1732011612534-300x290.png\" alt=\"\" width=\"105\" height=\"102\" \/><\/td>\n<td width=\"420\">\n<p style=\"text-align: left;\">Czujnik do zaworu Multimix, z zielon\u0105 listw\u0105 przy\u0142\u0105czeniow\u0105<\/p>\n<p style=\"text-align: left;\">\u0141\u0105czy si\u0119 z zaworami Multimix z po\u0142\u0105czeniem\/czujnikiem (karmienie porcjowe), modele od 2016 r. Mo\u017cna zainstalowa\u0107 czujnik powiadamiaj\u0105cy jednostk\u0119 steruj\u0105c\u0105 Feed Assistant o konieczno\u015bci podania paszy. W instalacjach z czujnikami pasza nie wraca do zbiornika. Kabel 2,5 m z zielonym stykiem.<\/p>\n<\/td>\n<\/tr>\n<tr>\n<td width=\"55\">E440310<\/td>\n<td width=\"71\"><img loading=\"lazy\" decoding=\"async\" class=\"wp-image-5528 aligncenter\" src=\"https:\/\/dahmira.com.ua\/wp-content\/uploads\/2024\/10\/Znimok_ekrana_19-11-2024_121330_www.iloveimg.com-removebg-preview-300x111.png\" alt=\"\" width=\"107\" height=\"39\" \/><\/td>\n<td width=\"420\">\n<p style=\"text-align: left;\">D\u0142awik kablowy M12, Multimix<\/p>\n<p style=\"text-align: left;\">Z\u0142\u0105cze \u015brubowe do przeprowadzenia czujnika przez pokryw\u0119 zaworu.<\/p>\n<\/td>\n<\/tr>\n<\/tbody>\n<\/table>\n","protected":false},"excerpt":{"rendered":"<p>Zawory podawania paszy s\u0105 wyposa\u017cone w diody LED, kt\u00f3re wskazuj\u0105 pozycje otwarcia\/zamkni\u0119cia, a tak\u017ce stan i wszelkie alarmy. Zawory umo\u017cliwiaj\u0105 podawanie paszy w spos\u00f3b indywidualny i sekwencyjny, podobnie jak w przypadku czujnika podawania. Wszystkie zawory s\u0105 wyposa\u017cone w zdejmowany lejek i s\u0105 dost\u0119pne w wersji sterowanej przez sie\u0107 lub jako model analogowy, kt\u00f3ry jest sterowany za pomoc\u0105 analogowego sygna\u0142u otwarcia\/zamkni\u0119cia.<\/p>\n<p>Wersja sterowana przez sie\u0107 zawsze zapewnia sprz\u0119\u017cenie zwrotne dla polece\u0144 otwarcia\/zamkni\u0119cia. Model analogowy jest dost\u0119pny w wersji ze sprz\u0119\u017ceniem zwrotnym lub bez.<\/p>\n<p>Model sterowany sieciowo ma ju\u017c standardowe zaciski przy\u0142\u0105czeniowe dla czujnika paszy, co pozwala r\u00f3wnie\u017c na ustawienie przydzia\u0142u paszy w zale\u017cno\u015bci od potrzeb.<\/p>\n<p>&nbsp;<\/p>\n","protected":false},"featured_media":5637,"comment_status":"open","ping_status":"closed","template":"","meta":[],"product_cat":[72],"product_tag":[],"_links":{"self":[{"href":"https:\/\/dahmira.pl\/en\/wp-json\/wp\/v2\/product\/5635"}],"collection":[{"href":"https:\/\/dahmira.pl\/en\/wp-json\/wp\/v2\/product"}],"about":[{"href":"https:\/\/dahmira.pl\/en\/wp-json\/wp\/v2\/types\/product"}],"replies":[{"embeddable":true,"href":"https:\/\/dahmira.pl\/en\/wp-json\/wp\/v2\/comments?post=5635"}],"wp:featuredmedia":[{"embeddable":true,"href":"https:\/\/dahmira.pl\/en\/wp-json\/wp\/v2\/media\/5637"}],"wp:attachment":[{"href":"https:\/\/dahmira.pl\/en\/wp-json\/wp\/v2\/media?parent=5635"}],"wp:term":[{"taxonomy":"product_cat","embeddable":true,"href":"https:\/\/dahmira.pl\/en\/wp-json\/wp\/v2\/product_cat?post=5635"},{"taxonomy":"product_tag","embeddable":true,"href":"https:\/\/dahmira.pl\/en\/wp-json\/wp\/v2\/product_tag?post=5635"}],"curies":[{"name":"wp","href":"https:\/\/api.w.org\/{rel}","templated":true}]}}