{"id":5624,"date":"2024-10-24T16:55:36","date_gmt":"2024-10-24T13:55:36","guid":{"rendered":"https:\/\/dahmira.pl\/?post_type=product&#038;p=5624"},"modified":"2024-10-24T16:58:40","modified_gmt":"2024-10-24T13:58:40","slug":"oprogramowanie-daltec-system-manager","status":"publish","type":"product","link":"https:\/\/dahmira.pl\/en\/product\/oprogramowanie-daltec-system-manager\/","title":{"rendered":"Oprogramowanie Daltec System Manager"},"content":{"rendered":"<p>Daltec System Manager dzia\u0142a z krzywymi, diagramami, liczbami i kolorami, aby zapewni\u0107 Ci maksymalny przegl\u0105d. Dzi\u0119ki du\u017cemu i wyra\u017anemu ekranowi program umo\u017cliwia lepszy przegl\u0105d karmienia zwierz\u0105t, operacji technicznych i ustawie\u0144 systemu ni\u017c w przypadku kontrolera Daltec Feed Assistant Online+ w konfiguracji domy\u015blnej. Na przyk\u0142ad podajniki i zu\u017cycie paszy s\u0105 wy\u015bwietlane w Daltec System Manager zar\u00f3wno jako liczby, jak i diagramy. Za pomoc\u0105 panelu technicznego mo\u017cesz r\u00f3wnie\u017c zawsze zobaczy\u0107 aktualny stan techniczny systemu i wszelkie niepotwierdzone alarmy. Razem daje Ci to lepsze mo\u017cliwo\u015bci szybkiego wykrywania wszelkich odchyle\u0144 lub nieprawid\u0142owo\u015bci i interwencji na czas.<\/p>\n<p>Jedn\u0105 z funkcji aplikacji jest przegl\u0105d kojc\u00f3w, kt\u00f3ry pokazuje indywidualne zu\u017cycie ka\u017cdego kojca, zar\u00f3wno przez 24 godziny od ostatniego zako\u0144czonego dnia karmienia, jak i przez bie\u017c\u0105cy dzie\u0144 karmienia.<\/p>\n<p>Mo\u017cna r\u00f3wnie\u017c generowa\u0107 raporty dotycz\u0105ce spo\u017cycia paszy i wzrostu. Maj\u0105c je w r\u0119ku, masz doskona\u0142\u0105 podstaw\u0119 do dalszego rozwoju swojej strategii produkcji i karmienia, a dzi\u0119ki ci\u0105g\u0142emu doskonaleniu mo\u017cesz skupi\u0107 swoj\u0105 uwag\u0119 na optymalnym i zdrowym gospodarstwie.<br \/>\nDo karmienia porcjami potrzebny jest Daltec System Manager. Pozwala on bardzo efektywnie planowa\u0107 i kontrolowa\u0107 procedur\u0119 \u017cywienia oraz techniczne dzia\u0142anie systemu. Dzi\u0119ki graficznemu interfejsowi u\u017cytkownika oprogramowania nie trzeba ju\u017c traci\u0107 czasu na skomplikowane i czasoch\u0142onne zadania. Teraz karmienie mo\u017cna przeprowadzi\u0107 \u0142atwo, przejrzy\u015bcie i szybko!<\/p>\n","protected":false},"excerpt":{"rendered":"<p>Daltec System Manager to oparty na komputerze interfejs u\u017cytkownika do zarz\u0105dzania karmieniem, a jednocze\u015bnie rozszerzenie kontrolera Feed Assistant Online+, je\u015bli chcesz pracowa\u0107 z histori\u0105 karmienia, danymi dotycz\u0105cymi wzrostu itp.<\/p>\n","protected":false},"featured_media":5626,"comment_status":"open","ping_status":"closed","template":"","meta":[],"product_cat":[72],"product_tag":[],"_links":{"self":[{"href":"https:\/\/dahmira.pl\/en\/wp-json\/wp\/v2\/product\/5624"}],"collection":[{"href":"https:\/\/dahmira.pl\/en\/wp-json\/wp\/v2\/product"}],"about":[{"href":"https:\/\/dahmira.pl\/en\/wp-json\/wp\/v2\/types\/product"}],"replies":[{"embeddable":true,"href":"https:\/\/dahmira.pl\/en\/wp-json\/wp\/v2\/comments?post=5624"}],"wp:featuredmedia":[{"embeddable":true,"href":"https:\/\/dahmira.pl\/en\/wp-json\/wp\/v2\/media\/5626"}],"wp:attachment":[{"href":"https:\/\/dahmira.pl\/en\/wp-json\/wp\/v2\/media?parent=5624"}],"wp:term":[{"taxonomy":"product_cat","embeddable":true,"href":"https:\/\/dahmira.pl\/en\/wp-json\/wp\/v2\/product_cat?post=5624"},{"taxonomy":"product_tag","embeddable":true,"href":"https:\/\/dahmira.pl\/en\/wp-json\/wp\/v2\/product_tag?post=5624"}],"curies":[{"name":"wp","href":"https:\/\/api.w.org\/{rel}","templated":true}]}}