{"id":5610,"date":"2024-10-21T10:49:05","date_gmt":"2024-10-21T07:49:05","guid":{"rendered":"https:\/\/dahmira.pl\/?post_type=product&#038;p=5610"},"modified":"2024-10-24T10:37:22","modified_gmt":"2024-10-24T07:37:22","slug":"jednostka-sterujaca-dual-feed","status":"publish","type":"product","link":"https:\/\/dahmira.pl\/en\/product\/jednostka-sterujaca-dual-feed\/","title":{"rendered":"Jednostka steruj\u0105ca Dual Feed"},"content":{"rendered":"<p>Sterownik jest wyposa\u017cony w 24-godzinny zegar do automatycznego uruchamiania zadanej cz\u0119stotliwo\u015bci podawania i sterowania przeka\u017anikiem. Sterowanie odbywa si\u0119 za pomoc\u0105 czytelnego menu na wy\u015bwietlaczu. Dual Feed jest r\u00f3wnie\u017c wyposa\u017cony w przeka\u017anik do sterowania, na przyk\u0142ad, dwoma koszami i klap\u0105 fazow\u0105 lub innymi ustawionymi operacjami zgodnie z potrzebami.<\/p>\n<p><strong>Opis funkcji:<\/strong><\/p>\n<ul>\n<li>Sterowanie systemem nape\u0142niania lub systemem dwufazowym<\/li>\n<li>Automatyczny start\/stop systemu podawania paszy<\/li>\n<li>Kontrola i automatyczne ustawianie biegu ja\u0142owego przed podaniem kolejnego rodzaju paszy.<\/li>\n<li>4 przeka\u017aniki dla kosz\u00f3w zasypowych, \u017caluzji fazowych lub indywidualnie ustawianych funkcji, takich jak woda, \u015bwiat\u0142o itp.<\/li>\n<li>System bezpiecze\u0144stwa monitoruj\u0105cy regulator obrot\u00f3w, maksymalny czas pracy i czujnik nape\u0142nienia<\/li>\n<\/ul>\n<p>&nbsp;<\/p>\n<table>\n<tbody>\n<tr>\n<td width=\"283\">\n<h4><strong>W<\/strong><strong>ej\u015bcie<\/strong><strong>:<\/strong><\/h4>\n<\/td>\n<td width=\"283\"><strong>Wyj\u015bcie:<\/strong><\/td>\n<\/tr>\n<tr>\n<td width=\"383\">\n<ul>\n<li>230 VAC 50 &#8211; 60 Hz<\/li>\n<li>Regulator obrot\u00f3w<\/li>\n<li>Dwa czujniki nape\u0142nienia<\/li>\n<\/ul>\n<\/td>\n<td width=\"283\">\n<ul>\n<li>4 przeka\u017aniki<\/li>\n<li>Styk dla nap\u0119du<\/li>\n<\/ul>\n<\/td>\n<\/tr>\n<\/tbody>\n<\/table>\n","protected":false},"excerpt":{"rendered":"<p>Daltec Dual Feed to automatyczny sterownik systemu karmienia zar\u00f3wno dla jednego, jak i dw\u00f3ch rodzaj\u00f3w paszy, stosowany zar\u00f3wno w systemach nape\u0142niania, jak i systemach dwufazowych, pozwala zapewni\u0107 dok\u0142adne i terminowe karmienie zwierz\u0105t, co pomaga zwi\u0119kszy\u0107 wydajno\u015b\u0107.<\/p>\n<p>Jednostka steruj\u0105ca Dual Feed jest prosta i skuteczna! Zosta\u0142 opracowany na podstawie ponad 20-letniego do\u015bwiadczenia w karmieniu fazowym, ze szczeg\u00f3lnym naciskiem na prostot\u0119 i przejrzysto\u015b\u0107. Dzi\u0119ki wy\u015bwietlaczowi na przednim panelu mo\u017cna zawsze zobaczy\u0107 bie\u017c\u0105c\u0105 aktywno\u015b\u0107 systemu. Dost\u0119pne s\u0105 zar\u00f3wno du\u0144skie, jak i inne wersje j\u0119zykowe.<\/p>\n","protected":false},"featured_media":5612,"comment_status":"open","ping_status":"closed","template":"","meta":[],"product_cat":[72],"product_tag":[],"_links":{"self":[{"href":"https:\/\/dahmira.pl\/en\/wp-json\/wp\/v2\/product\/5610"}],"collection":[{"href":"https:\/\/dahmira.pl\/en\/wp-json\/wp\/v2\/product"}],"about":[{"href":"https:\/\/dahmira.pl\/en\/wp-json\/wp\/v2\/types\/product"}],"replies":[{"embeddable":true,"href":"https:\/\/dahmira.pl\/en\/wp-json\/wp\/v2\/comments?post=5610"}],"wp:featuredmedia":[{"embeddable":true,"href":"https:\/\/dahmira.pl\/en\/wp-json\/wp\/v2\/media\/5612"}],"wp:attachment":[{"href":"https:\/\/dahmira.pl\/en\/wp-json\/wp\/v2\/media?parent=5610"}],"wp:term":[{"taxonomy":"product_cat","embeddable":true,"href":"https:\/\/dahmira.pl\/en\/wp-json\/wp\/v2\/product_cat?post=5610"},{"taxonomy":"product_tag","embeddable":true,"href":"https:\/\/dahmira.pl\/en\/wp-json\/wp\/v2\/product_tag?post=5610"}],"curies":[{"name":"wp","href":"https:\/\/api.w.org\/{rel}","templated":true}]}}