{"id":5608,"date":"2024-10-21T09:35:26","date_gmt":"2024-10-21T06:35:26","guid":{"rendered":"https:\/\/dahmira.pl\/?post_type=product&#038;p=5608"},"modified":"2026-01-30T14:54:04","modified_gmt":"2026-01-30T11:54:04","slug":"linka-do-paszociagu-koralikowego","status":"publish","type":"product","link":"https:\/\/dahmira.pl\/en\/product\/linka-do-paszociagu-koralikowego\/","title":{"rendered":"Linka do paszoci\u0105gu koralikowego"},"content":{"rendered":"<table class=\"product-table\">\n<thead>\n<tr>\n<td width=\"40\"><strong>Artyku\u0142<\/strong><\/td>\n<td width=\"400\"><strong>Nazwa i dane techniczne<\/strong><\/td>\n<\/tr>\n<\/thead>\n<tbody>\n<tr>\n<td width=\"40\">038262<\/td>\n<td style=\"text-align: left;\" width=\"450\">Linka, system 38, kr\u0105\u017cki 29 mm, odleg\u0142o\u015b\u0107 mi\u0119dzy kr\u0105\u017ckami 50 mm<\/td>\n<\/tr>\n<tr>\n<td width=\"40\">050261<\/td>\n<td style=\"text-align: left;\" width=\"450\">Linka, system 50, kr\u0105\u017cki 34 mm, odleg\u0142o\u015b\u0107 mi\u0119dzy kr\u0105\u017ckami 50 mm. Rekomendowana do podawania paszy sk\u0142adaj\u0105cej si\u0119 z granulatu<\/td>\n<\/tr>\n<tr>\n<td width=\"40\">050262<\/td>\n<td style=\"text-align: left;\" width=\"450\">Linka, system 50, kr\u0105\u017cki 38 mm, odleg\u0142o\u015b\u0107 mi\u0119dzy kr\u0105\u017ckami 50 mm<\/td>\n<\/tr>\n<tr>\n<td width=\"40\">060265<\/td>\n<td style=\"text-align: left;\" width=\"450\">Linka, system 60, kr\u0105\u017cki 44 mm, odleg\u0142o\u015b\u0107 mi\u0119dzy kr\u0105\u017ckami 60 mm. Rekomendowana do podawania paszy granulowanej. Montowana z nap\u0119dem, art. 060100<\/td>\n<\/tr>\n<tr>\n<td width=\"40\">060266<\/td>\n<td style=\"text-align: left;\" width=\"450\">Linka, system 60, kr\u0105\u017cki 49 mm, odleg\u0142o\u015b\u0107 mi\u0119dzy kr\u0105\u017ckami 60 mm. Rekomendowana do podawania paszy proszkowej. Montowana z nap\u0119dem, art. 060101<\/td>\n<\/tr>\n<tr>\n<td width=\"40\">063261<\/td>\n<td style=\"text-align: left;\" width=\"450\">Linka, system 63, kr\u0105\u017cki 52 mm, odleg\u0142o\u015b\u0107 mi\u0119dzy kr\u0105\u017ckami 80 mm. Rekomendowana do podawania paszy granulowanej. Montowana z nap\u0119dem, art. 063101<\/td>\n<\/tr>\n<tr>\n<td width=\"40\">063262<\/td>\n<td style=\"text-align: left;\" width=\"450\">Linka, system 63, kr\u0105\u017cki 55 mm, odleg\u0142o\u015b\u0107 mi\u0119dzy kr\u0105\u017ckami 80 mm. Rekomendowana do podawania paszy proszkowej. Montowana z nap\u0119dem, art. 063102<\/td>\n<\/tr>\n<\/tbody>\n<\/table>\n<h3><strong>Charakterystyka linki w por\u00f3wnaniu do \u0142a\u0144cucha:<\/strong><\/h3>\n<table class=\"product-table\">\n<thead>\n<tr>\n<td width=\"55\"><strong>Linka<\/strong><\/td>\n<td width=\"60\"><strong>\u0141a\u0144cuch<\/strong><\/td>\n<td style=\"text-align: center;\" colspan=\"2\" width=\"587\"><strong>Zalety<\/strong><\/td>\n<\/tr>\n<\/thead>\n<tbody>\n<tr>\n<td width=\"55\"><strong>+<\/strong><\/td>\n<td width=\"60\"><strong>&#8211;<\/strong><\/td>\n<td style=\"text-align: left;\" width=\"84\">Monta\u017c<\/td>\n<td style=\"text-align: left;\" width=\"500\">\n<div>Podczas monta\u017cu lin\u0119 mo\u017cna wsun\u0105\u0107, natomiast \u0142a\u0144cuch trzeba przeci\u0105gn\u0105\u0107.<\/div>\n<\/td>\n<\/tr>\n<tr>\n<td width=\"55\"><strong>+<\/strong><\/td>\n<td width=\"60\"><strong>&#8211;<\/strong><\/td>\n<td style=\"text-align: left;\" width=\"84\">Waga<\/td>\n<td style=\"text-align: left;\" width=\"500\">\n<div>Lina jest o 50% l\u017cejsza ni\u017c \u0142a\u0144cuch.<\/div>\n<\/td>\n<\/tr>\n<tr>\n<td width=\"55\"><strong>+<\/strong><\/td>\n<td width=\"60\"><strong>&#8211;<\/strong><\/td>\n<td style=\"text-align: left;\" width=\"84\">Pojemno\u015b\u0107<\/td>\n<td style=\"text-align: left;\" width=\"500\">\n<div>Przy linie mo\u017cna zazwyczaj pracowa\u0107 z wy\u017cszym stopniem nape\u0142nienia<\/div>\n<\/td>\n<\/tr>\n<tr>\n<td width=\"55\"><strong>&#8211;<\/strong><\/td>\n<td width=\"60\"><strong>+<\/strong><\/td>\n<td style=\"text-align: left;\" width=\"84\">Elastyczno\u015b\u0107<\/td>\n<td style=\"text-align: left;\" width=\"500\">\n<div>\u0141a\u0144cuch jest zazwyczaj bardziej elastyczny w naro\u017cnikach.<\/div>\n<\/td>\n<\/tr>\n<tr>\n<td width=\"55\"><strong>+<\/strong><\/td>\n<td width=\"60\"><strong>&#8211;<\/strong><\/td>\n<td style=\"text-align: left;\" width=\"84\">Ha\u0142as<\/td>\n<td style=\"text-align: left;\" width=\"500\">Linka pracuje cicho w por\u00f3wnaniu do \u0142a\u0144cuch\u00f3w, kt\u00f3re generuj\u0105 znacznie wi\u0119cej ha\u0142asu.<\/td>\n<\/tr>\n<tr>\n<td width=\"55\"><strong>+<\/strong><\/td>\n<td width=\"60\"><strong>&#8211;<\/strong><\/td>\n<td style=\"text-align: left;\" width=\"84\">\n<div>Mieszanie\u00a0 paszy<\/div>\n<\/td>\n<td style=\"text-align: left;\" width=\"500\">\n<div>Lina ma bardzo nisk\u0105 tendencj\u0119 do mieszania paszy w formie m\u0105czki w por\u00f3wnaniu z \u0142a\u0144cuchem.<\/div>\n<\/td>\n<\/tr>\n<tr>\n<td width=\"55\"><strong>+<\/strong><\/td>\n<td width=\"60\"><strong>&#8211;<\/strong><\/td>\n<td style=\"text-align: left;\" width=\"84\">Opr\u00f3\u017cnianie rur<\/td>\n<td width=\"500\">\n<div style=\"text-align: left;\">Przy linie rura opr\u00f3\u017cnia si\u0119 lepiej ni\u017c przy \u0142a\u0144cuchu. Jest to wa\u017cne np. przy karmieniu porcyjnym<\/div>\n<\/td>\n<\/tr>\n<tr>\n<td width=\"55\"><strong>+<\/strong><\/td>\n<td width=\"60\"><strong>&#8211;<\/strong><\/td>\n<td style=\"text-align: left;\" width=\"84\">Zu\u017cycie<\/td>\n<td style=\"text-align: left;\" width=\"500\">Linka powoduje mniejsze zu\u017cycie kolan i jednostek nap\u0119dowych. W przypadku stosowania \u0142a\u0144cuch\u00f3w zalecane jest stosowanie kolan o du\u017cej wytrzyma\u0142o\u015bci.<\/td>\n<\/tr>\n<tr>\n<td width=\"55\"><strong>&#8211;<\/strong><\/td>\n<td width=\"60\"><strong>+<\/strong><\/td>\n<td style=\"text-align: left;\" width=\"84\">\n<div>\u0141\u0105czenie<\/div>\n<\/td>\n<td style=\"text-align: left;\" width=\"500\">\n<div>\u0141<span style=\"font-family: inherit; font-size: inherit;\">a\u0144cuchy mo\u017cna \u0142\u0105czy\u0107 prostym ogniwem. Liny \u0142\u0105czy si\u0119 za pomoc\u0105 \u0142\u0105cznika liny.<\/span><\/div>\n<\/td>\n<\/tr>\n<tr>\n<td width=\"55\"><strong>+<\/strong><\/td>\n<td width=\"60\"><strong>+<\/strong><\/td>\n<td style=\"text-align: left;\" width=\"84\">\n<div>Nap\u0119d<\/div>\n<\/td>\n<td style=\"text-align: left;\" width=\"500\">\n<div>Nap\u0119d cierny Daltec mo\u017ce by\u0107 z powodzeniem stosowany do obu typ\u00f3w! Instalacje \u0142a\u0144cuchowe powinny by\u0107 wyposa\u017cone we wzmocnione <span style=\"font-family: inherit; font-size: inherit;\">kolana.<\/span><\/div>\n<\/td>\n<\/tr>\n<tr>\n<td width=\"55\"><strong>+<\/strong><\/td>\n<td width=\"60\"><strong>+<\/strong><\/td>\n<td style=\"text-align: left;\" width=\"84\">\n<div>Szczotka czyszcz\u0105ca<\/div>\n<\/td>\n<td style=\"text-align: left;\" width=\"500\">Szczotki Daltec &#8220;Click-On&#8221; mog\u0105 by\u0107 u\u017cywane zar\u00f3wno link\u0105, jak i \u0142a\u0144cuchem.<\/td>\n<\/tr>\n<\/tbody>\n<\/table>\n","protected":false},"excerpt":{"rendered":"<p>Oryginalna linka i nap\u0119d cierny Daltec to niezawodne rozwi\u0105zanie o unikalnych zaletach. W por\u00f3wnaniu z innymi systemami nap\u0119dowymi linka minimalizuje poziom ha\u0142asu i zu\u017cycie energii, poniewa\u017c jest lekka i elastyczna.<\/p>\n<p>Linka pod wieloma wzgl\u0119dami stanowi technicznie optymalne rozwi\u0105zanie, a tak\u017ce idealnie sprawdza si\u0119 w podawaniu paszy, gdy\u017c ryzyko niezamierzonego mieszania podczas transportu jest minimalne, a granulki nie ulegaj\u0105 uszkodzeniu. Szczeg\u00f3lnie w systemach porcjowego podawania wyst\u0119puje dodatkowa zaleta: resztki paszy maj\u0105 mniejsz\u0105 tendencj\u0119 do osadzania si\u0119 ni\u017c w innych transporterach. To zmniejsza zar\u00f3wno straty, jak i niepo\u017c\u0105dane mieszanie r\u00f3\u017cnych rodzaj\u00f3w paszy.<\/p>\n<p>Linka wykonana jest ze specjalnego, certyfikowanego rodzaju stali o wysokiej wytrzyma\u0142o\u015bci na rozci\u0105ganie i trwa\u0142o\u015bci, natomiast kr\u0105\u017cki produkowane s\u0105 z polipropylenu.<\/p>\n","protected":false},"featured_media":5609,"comment_status":"open","ping_status":"closed","template":"","meta":[],"product_cat":[72],"product_tag":[],"_links":{"self":[{"href":"https:\/\/dahmira.pl\/en\/wp-json\/wp\/v2\/product\/5608"}],"collection":[{"href":"https:\/\/dahmira.pl\/en\/wp-json\/wp\/v2\/product"}],"about":[{"href":"https:\/\/dahmira.pl\/en\/wp-json\/wp\/v2\/types\/product"}],"replies":[{"embeddable":true,"href":"https:\/\/dahmira.pl\/en\/wp-json\/wp\/v2\/comments?post=5608"}],"wp:featuredmedia":[{"embeddable":true,"href":"https:\/\/dahmira.pl\/en\/wp-json\/wp\/v2\/media\/5609"}],"wp:attachment":[{"href":"https:\/\/dahmira.pl\/en\/wp-json\/wp\/v2\/media?parent=5608"}],"wp:term":[{"taxonomy":"product_cat","embeddable":true,"href":"https:\/\/dahmira.pl\/en\/wp-json\/wp\/v2\/product_cat?post=5608"},{"taxonomy":"product_tag","embeddable":true,"href":"https:\/\/dahmira.pl\/en\/wp-json\/wp\/v2\/product_tag?post=5608"}],"curies":[{"name":"wp","href":"https:\/\/api.w.org\/{rel}","templated":true}]}}