{"id":5524,"date":"2024-09-18T14:26:36","date_gmt":"2024-09-18T11:26:36","guid":{"rendered":"https:\/\/dahmira.pl\/?post_type=product&#038;p=5524"},"modified":"2024-11-23T17:49:51","modified_gmt":"2024-11-23T14:49:51","slug":"dozownik-bio-fix-zestaw","status":"publish","type":"product","link":"https:\/\/dahmira.pl\/en\/product\/dozownik-bio-fix-zestaw\/","title":{"rendered":"Dozownik BIO-FIX (zestaw)"},"content":{"rendered":"<div class=\"block\">\n<div class=\"flex\">\n<div class=\"flex-column size-70\">\n<p>&nbsp;<\/p>\n<p>Ka\u017cdy dozownik Daltec Bio-Fix mo\u017ce obs\u0142ugiwa\u0107 dwa zwierz\u0119ta, dlatego zazwyczaj umieszcza si\u0119 go mi\u0119dzy dwoma oddzielonymi punktami karmienia. Oznacza to, \u017ce w por\u00f3wnaniu z podobnymi systemami wymagana jest o po\u0142ow\u0119 mniejsza liczba dozownik\u00f3w. Dozowniki paszy s\u0105 instalowane w rz\u0119dach z jednym silnikiem na ka\u017cdy rz\u0105d. Za pomoc\u0105 klapki mo\u017cna zamkn\u0105\u0107 jeden z wyj\u015b\u0107\/punkt karmienia (zamawiane osobno).<\/p>\n<p>Dozownik Bio-Fix jest dostarczany w wersji o pojemno\u015bci 6 litr\u00f3w. Na \u017cyczenie mo\u017cna zam\u00f3wi\u0107 wi\u0119ksze dozowniki, ale tylko ze skal\u0105 6 l. Minimalna pojemno\u015b\u0107 paszy w dozownikach o rozmiarach 8, 10 i 12 l wynosi odpowiednio 2, 4 i 6 l.<\/p>\n<\/div>\n<p><img loading=\"lazy\" decoding=\"async\" class=\"alignnone wp-image-3966\" src=\"https:\/\/dahmira.com.ua\/wp-content\/uploads\/2024\/09\/img156.jpg\" alt=\"\" width=\"309\" height=\"222\" \/><\/p>\n<\/div>\n<\/div>\n<div class=\"block\">\n<div class=\"flex\">\n<p><img loading=\"lazy\" decoding=\"async\" class=\"alignnone wp-image-3966\" src=\"https:\/\/dahmira.com.ua\/wp-content\/uploads\/2024\/09\/img162.jpg\" alt=\"\" width=\"102\" height=\"339\" \/><\/p>\n<div class=\"flex-column size-55\">\n<p>&nbsp;<\/p>\n<p style=\"text-align: center;\"><strong>Cechy dozownika:<\/strong><\/p>\n<ul>\n<li>Praktycznie brak konkurencji o pasz\u0119, powolne dozowanie paszy zatrzymuje zwierz\u0119ta na miejscu<\/li>\n<li>Jednoczesne karmienie wszystkich zwierz\u0105t w okresie ich aktywno\u015bci<\/li>\n<li>Zmniejszenie koszt\u00f3w monta\u017cu, poniewa\u017c jeden dozownik obs\u0142uguje dwa zwierz\u0119ta\/punkty karmienia<\/li>\n<li>\u0141atwy monta\u017c i czyszczenie<\/li>\n<li>Standardowa pojemno\u015b\u0107 6 litr\u00f3w (na zam\u00f3wienie dost\u0119pne s\u0105 8, 10 i 12 litr\u00f3w)<\/li>\n<li>Dozownik paszy mo\u017ce by\u0107 zainstalowany na linii \u00d863.5. Dla linii \u00d835 &#8211; \u00d845 &#8211; \u00d850.8 &#8211; \u00d855 i \u00d860 mo\u017cna zam\u00f3wi\u0107 adaptery<\/li>\n<li>Wylot \u00d850,8. Mo\u017ce by\u0107 r\u00f3wnie\u017c u\u017cywany do pod\u0142\u0105czenia do wi\u0119kszego wylotu &#8211; zazwyczaj \u00d880.<\/li>\n<li>\u0141atwe otwieranie, na przyk\u0142ad do czyszczenia<\/li>\n<li>Pr\u0119dko\u015b\u0107 podawania paszy regulowana z przedniej strony dozownika za pomoc\u0105 pokr\u0119t\u0142a, mo\u017cna r\u00f3wnie\u017c u\u017cy\u0107 przed\u0142u\u017cacza o d\u0142ugo\u015bci 2 m<\/li>\n<li>Jedn\u0105 stron\u0119 dozownika mo\u017cna zamkn\u0105\u0107 (za pomoc\u0105 klapki &#8211; zamawianej osobno)<\/li>\n<li>Dobrze widoczna skala obj\u0119to\u015bci<\/li>\n<\/ul>\n<\/div>\n<\/div>\n<\/div>\n","protected":false},"excerpt":{"rendered":"<p>To uniwersalne i efektywne rozwi\u0105zanie do karmienia zwierz\u0105t. \u0141\u0105czy w sobie prostot\u0119 u\u017cytkowania, ekonomiczno\u015b\u0107 i wysok\u0105 wydajno\u015b\u0107. Dzi\u0119ki swoim cechom, Bio-Fix jest doskona\u0142ym wyborem dla rolnik\u00f3w, kt\u00f3rzy chc\u0105 zoptymalizowa\u0107 proces karmienia i poprawi\u0107 warunki utrzymania zwierz\u0105t.<\/p>\n<p>Bio-Fix jest u\u017cywany do karmienia zwierz\u0105t utrzymywanych na wolnym wybiegu w spos\u00f3b zapewniaj\u0105cy spok\u00f3j podczas karmienia. Kiedy wszystkie zwierz\u0119ta jedz\u0105 jednocze\u015bnie i w tym samym tempie, najs\u0142absze zwierz\u0119ta mog\u0105 je\u015b\u0107 spokojnie, a pasza jest spo\u017cywana niezale\u017cnie od poziomu aktywno\u015bci poszczeg\u00f3lnych zwierz\u0105t. Jednocze\u015bnie wszystkie zwierz\u0119ta jedz\u0105 w tym samym czasie w naturalnym okresie ich aktywno\u015bci.<\/p>\n<p>System dzia\u0142a dzi\u0119ki wykorzystaniu ci\u0105g\u0142ej linii podawania i pewn\u0105 liczb\u0119 dozownik\u00f3w paszy Daltec Bio-Fix, z kt\u00f3rych ka\u017cdy ma w leju dwa \u015blimaki rozprowadzaj\u0105ce pasz\u0119 na dwa wyj\u015bcia. \u015alimaki s\u0105 nap\u0119dzane przez przek\u0142adniowy silnik elektryczny za po\u015brednictwem wsp\u00f3lnego wa\u0142u, co pozwala na u\u017cycie jednego silnika do kilku dozownik\u00f3w paszy. Zazwyczaj dawkowanie jest ustawiane tak, aby pr\u0119dko\u015b\u0107 karmienia odpowiada\u0142a pr\u0119dko\u015bci jedzenia najwolniejszych zwierz\u0105t.<\/p>\n","protected":false},"featured_media":5525,"comment_status":"open","ping_status":"closed","template":"","meta":[],"product_cat":[72],"product_tag":[],"_links":{"self":[{"href":"https:\/\/dahmira.pl\/en\/wp-json\/wp\/v2\/product\/5524"}],"collection":[{"href":"https:\/\/dahmira.pl\/en\/wp-json\/wp\/v2\/product"}],"about":[{"href":"https:\/\/dahmira.pl\/en\/wp-json\/wp\/v2\/types\/product"}],"replies":[{"embeddable":true,"href":"https:\/\/dahmira.pl\/en\/wp-json\/wp\/v2\/comments?post=5524"}],"wp:featuredmedia":[{"embeddable":true,"href":"https:\/\/dahmira.pl\/en\/wp-json\/wp\/v2\/media\/5525"}],"wp:attachment":[{"href":"https:\/\/dahmira.pl\/en\/wp-json\/wp\/v2\/media?parent=5524"}],"wp:term":[{"taxonomy":"product_cat","embeddable":true,"href":"https:\/\/dahmira.pl\/en\/wp-json\/wp\/v2\/product_cat?post=5524"},{"taxonomy":"product_tag","embeddable":true,"href":"https:\/\/dahmira.pl\/en\/wp-json\/wp\/v2\/product_tag?post=5524"}],"curies":[{"name":"wp","href":"https:\/\/api.w.org\/{rel}","templated":true}]}}