{"id":5465,"date":"2024-09-04T13:29:53","date_gmt":"2024-09-04T10:29:53","guid":{"rendered":"https:\/\/dahmira.pl\/?post_type=product&#038;p=5465"},"modified":"2025-12-23T15:34:24","modified_gmt":"2025-12-23T12:34:24","slug":"sterownik-daltec-1001","status":"publish","type":"product","link":"https:\/\/dahmira.pl\/en\/product\/sterownik-daltec-1001\/","title":{"rendered":"Sterownik Daltec 1001"},"content":{"rendered":"<div>\n<h4><strong>Opis funkcji:<\/strong><\/h4>\n<p>&nbsp;<\/p>\n<ul>\n<li>Sterowanie jedn\u0105\u00a0 lini\u0105 zadawania paszy<\/li>\n<li>R\u0119czne startowanie<\/li>\n<li>Automatyczne zatrzymanie po nape\u0142nieniu systemu<\/li>\n<li>Kontrola obrot\u00f3w, czasu pracy i czujnika nape\u0142nienia<\/li>\n<li>Zintegrowane zabezpieczenie silnika<\/li>\n<li>Zintegrowany przeka\u017anik dla odbiornika 400 VAC (wyposa\u017cenie opcjonalne: E021020)<\/li>\n<li>Wy\u0142\u0105cznik silosa (wyposa\u017cenie opcjonalne: E021100)<\/li>\n<\/ul>\n<h4><strong><br \/>\nWej\u015bcie:<\/strong><\/h4>\n<p>&nbsp;<\/p>\n<ul>\n<li>230 VAC 50 Hz<\/li>\n<li>Czujnik pr\u0119dko\u015bci<\/li>\n<li>Czujnik nape\u0142nienia<\/li>\n<li>Po\u0142\u0105czenie startu zewn\u0119trznego<\/li>\n<li>\u0179r\u00f3d\u0142o zasilania silnika nap\u0119du<\/li>\n<\/ul>\n<h4><strong><br \/>\nWyj\u015bcie:<\/strong><\/h4>\n<p>&nbsp;<\/p>\n<ul>\n<li>\u0179r\u00f3d\u0142o zasilania silnika nap\u0119du<\/li>\n<li>Przeka\u017anik alarmu<\/li>\n<li>Styk dla odbiornika 400 VAC<\/li>\n<\/ul>\n<\/div>\n","protected":false},"excerpt":{"rendered":"<p>Daltec 1001 to prosty sterownik przeznaczony do system\u00f3w podawania paszy z nap\u0119dem linowym lub odbiornik\u00f3w 400 VAC. Aktualny stan pracy jest wskazywany przez 5 wska\u017anik\u00f3w \u015bwietlnych. W celu automatycznego startu mo\u017cna pod\u0142\u0105czy\u0107 zewn\u0119trzny timer. Sterownik jest wyposa\u017cony w zabezpieczenie silnika. Je\u015bli u\u017cywany jest jeden lub dwa odbiorniki 400 VAC, do jednostki steruj\u0105cej mo\u017cna pod\u0142\u0105czy\u0107 dodatkowy przeka\u017anik i wy\u0142\u0105cznik silosa.<\/p>\n","protected":false},"featured_media":5467,"comment_status":"open","ping_status":"closed","template":"","meta":[],"product_cat":[72],"product_tag":[],"_links":{"self":[{"href":"https:\/\/dahmira.pl\/en\/wp-json\/wp\/v2\/product\/5465"}],"collection":[{"href":"https:\/\/dahmira.pl\/en\/wp-json\/wp\/v2\/product"}],"about":[{"href":"https:\/\/dahmira.pl\/en\/wp-json\/wp\/v2\/types\/product"}],"replies":[{"embeddable":true,"href":"https:\/\/dahmira.pl\/en\/wp-json\/wp\/v2\/comments?post=5465"}],"wp:featuredmedia":[{"embeddable":true,"href":"https:\/\/dahmira.pl\/en\/wp-json\/wp\/v2\/media\/5467"}],"wp:attachment":[{"href":"https:\/\/dahmira.pl\/en\/wp-json\/wp\/v2\/media?parent=5465"}],"wp:term":[{"taxonomy":"product_cat","embeddable":true,"href":"https:\/\/dahmira.pl\/en\/wp-json\/wp\/v2\/product_cat?post=5465"},{"taxonomy":"product_tag","embeddable":true,"href":"https:\/\/dahmira.pl\/en\/wp-json\/wp\/v2\/product_tag?post=5465"}],"curies":[{"name":"wp","href":"https:\/\/api.w.org\/{rel}","templated":true}]}}