{"id":5438,"date":"2024-09-02T13:40:58","date_gmt":"2024-09-02T10:40:58","guid":{"rendered":"https:\/\/dahmira.pl\/?post_type=product&#038;p=5438"},"modified":"2024-09-02T13:40:58","modified_gmt":"2024-09-02T10:40:58","slug":"globalny-komputer-klimat-silosy-wagi-ptakow","status":"publish","type":"product","link":"https:\/\/dahmira.pl\/en\/product\/globalny-komputer-klimat-silosy-wagi-ptakow\/","title":{"rendered":"GLOBALNY KOMPUTER: Klimat + Silosy + Wagi ptak\u00f3w"},"content":{"rendered":"<div><\/div>\n","protected":false},"excerpt":{"rendered":"<p>Omega to zaawansowany komputer do zautomatyzowanej kontroli klimatu, wa\u017cenia drobiu i zarz\u0105dzania silosami w gospodarstwie.<\/p>\n<p>&nbsp;<\/p>\n<p><strong>\u2022 <\/strong>Pozwala na sterowanie wentylacj\u0105, ogrzewaniem, ch\u0142odzeniem, alarmem, czasem, krzywymi, statystyk\u0105, wlotami powietrza, zarz\u0105dzaniem hodowl\u0105, wa\u017ceniem silos\u00f3w i zewn\u0119trznymi wp\u0142ywami klimatycznymi.<br \/>\n<strong>\u2022 <\/strong>Sterowanie urz\u0105dzeniem za pomoc\u0105 10-calowego kolorowego ekranu dotykowego.<br \/>\n<strong>\u2022 <\/strong>Wyj\u015bcia analogowe 0-10 V do sterowania stopniami mocy, przetwornicami cz\u0119stotliwo\u015bci lub dodatkowymi stopniami sterowania wlotami powietrza.<br \/>\n<strong>\u2022 <\/strong>Mo\u017cliwo\u015b\u0107 sterowania 8 grupami wlot\u00f3w powietrza i maksymalnie 32 stopniami wentylacji.<br \/>\n<strong>\u2022 <\/strong>Sterowanie maksymalnie 8 silnikami na przeka\u017anik.<br \/>\n<strong>\u2022 <\/strong>Typ pomieszcze\u0144: tunelowe, boczne i kombinowane wentylowane pomieszczenia.<br \/>\n<strong>\u2022 <\/strong>Stopnie wentylacji i wloty powietrza mog\u0105 by\u0107 zsynchronizowane i zaprogramowane wed\u0142ug temperatury lub m3\/h.<br \/>\n<strong>\u2022 <\/strong>Ch\u0142odzenie mo\u017cna skonfigurowa\u0107 etapami i w zale\u017cno\u015bci od wieku zwierz\u0119cia.<br \/>\n<strong>\u2022 <\/strong>Kontrola do 12 nagrzewnic + 4 styki pomocnicze.<br \/>\n<strong>\u2022 <\/strong>Krzywe wzrostu, statystyka i zarz\u0105dzanie hodowl\u0105.<br \/>\n<strong>\u2022 <\/strong>Bezpo\u015brednia kontrola systemu silosowego: wa\u017cenie i zu\u017cycie paszy. Zaawansowany system dozowania paszy.<br \/>\n<strong>\u2022 <\/strong>Synchronizacja do 3 wag do wa\u017cenia kurcz\u0105t.<br \/>\n<strong>\u2022 <\/strong>Sterowanie mieszaczami powietrza.<br \/>\n<strong>\u2022 <\/strong>Zarz\u0105dzanie 2 wyl\u0119garniami.<br \/>\n<strong>\u2022 <\/strong>Kontrola temperatury, wilgotno\u015bci wewn\u0119trznej i zewn\u0119trznej, ci\u015bnienia statycznego, amoniaku i CO2.<br \/>\n<strong>\u2022 <\/strong>Wentylacja, ch\u0142odzenie i styki pomocnicze mog\u0105 by\u0107 regulowane czasowo.<br \/>\n<strong>\u2022 <\/strong>Systemy monitorowania zu\u017cycia paszy i wody. Omega alarmuje, gdy zwierz\u0119 spo\u017cywa mniej paszy lub wody ni\u017c zaprogramowano.<br \/>\n<strong>\u2022 <\/strong>Krzywe naszego komputera Omega obejmuj\u0105 dodatkowe parametry, takie jak ch\u0142odzenie, ogrzewanie, alarmy temperatury itp.<br \/>\n<strong>\u2022 <\/strong>Wyposa\u017cenie: p\u0142ytki przeka\u017anikowe, modu\u0142owe wej\u015bcia i wyj\u015bcia.<br \/>\n<strong>\u2022 <\/strong>CTIportal: Pozwala na dost\u0119p do wszystkich urz\u0105dze\u0144 rolniczych. Rozwi\u0105zanie oparte na chmurze. Analiza danych i powiadomienia wysy\u0142ane na telefon kom\u00f3rkowy.<br \/>\n<strong>\u2022 <\/strong>Zasilanie: 110 &#8211; 240 V<br \/>\n<strong>\u2022 <\/strong>Wymiary: 500x390x210 mm<\/p>\n","protected":false},"featured_media":5439,"comment_status":"open","ping_status":"closed","template":"","meta":[],"product_cat":[88],"product_tag":[],"_links":{"self":[{"href":"https:\/\/dahmira.pl\/en\/wp-json\/wp\/v2\/product\/5438"}],"collection":[{"href":"https:\/\/dahmira.pl\/en\/wp-json\/wp\/v2\/product"}],"about":[{"href":"https:\/\/dahmira.pl\/en\/wp-json\/wp\/v2\/types\/product"}],"replies":[{"embeddable":true,"href":"https:\/\/dahmira.pl\/en\/wp-json\/wp\/v2\/comments?post=5438"}],"wp:featuredmedia":[{"embeddable":true,"href":"https:\/\/dahmira.pl\/en\/wp-json\/wp\/v2\/media\/5439"}],"wp:attachment":[{"href":"https:\/\/dahmira.pl\/en\/wp-json\/wp\/v2\/media?parent=5438"}],"wp:term":[{"taxonomy":"product_cat","embeddable":true,"href":"https:\/\/dahmira.pl\/en\/wp-json\/wp\/v2\/product_cat?post=5438"},{"taxonomy":"product_tag","embeddable":true,"href":"https:\/\/dahmira.pl\/en\/wp-json\/wp\/v2\/product_tag?post=5438"}],"curies":[{"name":"wp","href":"https:\/\/api.w.org\/{rel}","templated":true}]}}