{"id":5404,"date":"2024-08-30T11:23:43","date_gmt":"2024-08-30T08:23:43","guid":{"rendered":"https:\/\/dahmira.pl\/?post_type=product&#038;p=5404"},"modified":"2024-08-30T11:23:43","modified_gmt":"2024-08-30T08:23:43","slug":"komputer-sterujacy-mikroklimatem-ze-statystyka-i-cisnieniem-statycznym","status":"publish","type":"product","link":"https:\/\/dahmira.pl\/en\/product\/komputer-sterujacy-mikroklimatem-ze-statystyka-i-cisnieniem-statycznym\/","title":{"rendered":"Komputer steruj\u0105cy mikroklimatem ze statystyk\u0105 i ci\u015bnieniem statycznym"},"content":{"rendered":"<div><\/div>\n","protected":false},"excerpt":{"rendered":"<p>Sterownik CTI80plus to nowoczesne urz\u0105dzenie przeznaczone do automatycznej regulacji mikroklimatu na fermach. Zapewnia optymalne warunki do hodowli zwierz\u0105t.<\/p>\n<p>&nbsp;<\/p>\n<p><strong>\u2022 <\/strong>Pozwala na sterowanie wentylacj\u0105, ogrzewaniem, ch\u0142odzeniem, alarmem, zegarami, stacj\u0105 pogodow\u0105, krzywymi, statystyk\u0105, licznikami, wlotami powietrza, wilgotno\u015bci\u0105, CO2, amoniakiem, ci\u015bnieniem statycznym i zarz\u0105dzaniem hodowl\u0105.<br \/>\n<strong>\u2022 <\/strong>Ekran dotykowy.<br \/>\n<strong>\u2022 <\/strong>Wyj\u015bcia analogowe 0-10 V do sterowania stopniem mocy, przetwornic\u0105 cz\u0119stotliwo\u015bci lub dodatkowymi stopniami sterowania wlotami powietrza.<br \/>\n<strong>\u2022 <\/strong>Mo\u017ce sterowa\u0107 2 grupami wlot\u00f3w powietrza i kurtynami ch\u0142odz\u0105cymi.<br \/>\n<strong>\u2022 <\/strong>Sterowanie maksymalnie 12 stopniami wentylacji.<br \/>\n<strong>\u2022 <\/strong>Funkcja alarmu dla maksymalnej i minimalnej temperatury.<br \/>\n<strong>\u2022 <\/strong>Typy wentylacji: statyczna, dynamiczna i mieszana.<br \/>\n<strong>\u2022 <\/strong>Typy pomieszcze\u0144: tunelowe i boczne wentylowane.<br \/>\n<strong>\u2022 <\/strong>Krzywe wzrostu, statystyki i zarz\u0105dzanie hodowl\u0105.<br \/>\n<strong>\u2022 <\/strong>Kontrola temperatury, wilgotno\u015bci, ci\u015bnienia statycznego i CO2 \/ NH3 amoniaku.<br \/>\n<strong>\u2022 <\/strong>Wentylacja, ch\u0142odzenie i kontakt pomocniczy mog\u0105 by\u0107 zaprogramowane czasowo.<br \/>\n<strong>\u2022 <\/strong>Zawiera czujniki do pomiaru temperatury wewn\u0119trznej i zewn\u0119trznej.<br \/>\n<strong>\u2022 <\/strong>Konfigurowalne przeka\u017aniki do ogrzewania lub ch\u0142odzenia.<br \/>\n<strong>\u2022 <\/strong>Posiada zegary do o\u015bwietlenia oraz liczniki wody i \u017cywno\u015bci.<br \/>\n<strong>\u2022 <\/strong>Mo\u017cliwo\u015b\u0107 pod\u0142\u0105czenia stacji pogodowej.<br \/>\n<strong>\u2022 <\/strong>Komunikacja: Wbudowane Wi-Fi. Pe\u0142ne zdalne programowanie i konfiguracja. Gromadzenie danych parametr\u00f3w gospodarstwa. Powiadomienia.<br \/>\n<strong>\u2022 <\/strong>Zasilanie: 115 &#8211; 250 V<br \/>\n<strong>\u2022 <\/strong>Wymiary: 235x310x100 mm<\/p>\n","protected":false},"featured_media":5406,"comment_status":"open","ping_status":"closed","template":"","meta":[],"product_cat":[88],"product_tag":[],"_links":{"self":[{"href":"https:\/\/dahmira.pl\/en\/wp-json\/wp\/v2\/product\/5404"}],"collection":[{"href":"https:\/\/dahmira.pl\/en\/wp-json\/wp\/v2\/product"}],"about":[{"href":"https:\/\/dahmira.pl\/en\/wp-json\/wp\/v2\/types\/product"}],"replies":[{"embeddable":true,"href":"https:\/\/dahmira.pl\/en\/wp-json\/wp\/v2\/comments?post=5404"}],"wp:featuredmedia":[{"embeddable":true,"href":"https:\/\/dahmira.pl\/en\/wp-json\/wp\/v2\/media\/5406"}],"wp:attachment":[{"href":"https:\/\/dahmira.pl\/en\/wp-json\/wp\/v2\/media?parent=5404"}],"wp:term":[{"taxonomy":"product_cat","embeddable":true,"href":"https:\/\/dahmira.pl\/en\/wp-json\/wp\/v2\/product_cat?post=5404"},{"taxonomy":"product_tag","embeddable":true,"href":"https:\/\/dahmira.pl\/en\/wp-json\/wp\/v2\/product_tag?post=5404"}],"curies":[{"name":"wp","href":"https:\/\/api.w.org\/{rel}","templated":true}]}}