{"id":5400,"date":"2024-08-30T10:33:00","date_gmt":"2024-08-30T07:33:00","guid":{"rendered":"https:\/\/dahmira.pl\/?post_type=product&#038;p=5400"},"modified":"2024-08-30T10:33:00","modified_gmt":"2024-08-30T07:33:00","slug":"sterownik-mikroklimatu-ze-statystyka","status":"publish","type":"product","link":"https:\/\/dahmira.pl\/en\/product\/sterownik-mikroklimatu-ze-statystyka\/","title":{"rendered":"Sterownik mikroklimatu ze statystyk\u0105"},"content":{"rendered":"<div><\/div>\n","protected":false},"excerpt":{"rendered":"<p>Sterownik mikroklimatu CTI80 to nowoczesne urz\u0105dzenie przeznaczone do automatycznej regulacji mikroklimatu na fermach. Zapewnia optymalne warunki do hodowli zwierz\u0105t.<\/p>\n<p>&nbsp;<\/p>\n<p><strong>\u2022 <\/strong>Pozwala na sterowanie wentylacj\u0105, ogrzewaniem, ch\u0142odzeniem, alarmem, zegarami, stacj\u0105 pogodow\u0105, krzywymi, licznikami, wlotami powietrza, wilgotno\u015bci\u0105, C02, amoniakiem, ci\u015bnieniem statycznym, zarz\u0105dzaniem hodowl\u0105 i 15-amperowym wyj\u015bciem triaka.<br \/>\n<strong>\u2022 <\/strong>Sterowanie urz\u0105dzeniem za pomoc\u0105 wy\u015bwietlacza cyfrowego<br \/>\n<strong>\u2022 <\/strong>Wyj\u015bcia analogowe 0-10 V do sterowania stopniem mocy, przetwornic\u0105 cz\u0119stotliwo\u015bci lub dodatkowymi stopniami sterowania wlotami powietrza.<br \/>\n<strong>\u2022 <\/strong>Mo\u017ce sterowa\u0107 2 wlotami powietrza i wentylacj\u0105 farmy.<br \/>\n<strong>\u2022 <\/strong>Sterowanie maksymalnie 8 stopniami wentylacji.<br \/>\n<strong>\u2022 <\/strong>Typy wentylacji: Statyczna, dynamiczna i mieszana.<br \/>\n<strong>\u2022 <\/strong>Typy ferm: tunelowa i boczna<br \/>\n<strong>\u2022 <\/strong>Funkcja alarmu dla maksymalnej i minimalnej temperatury.<br \/>\n<strong>\u2022 <\/strong>Krzywe wzrostu, statystyki i zarz\u0105dzanie hodowl\u0105.<br \/>\n<strong>\u2022 <\/strong>Kontrola temperatury, wilgotno\u015bci, ci\u015bnienia statycznego \/ C02 \/ amoniaku NH3.<br \/>\n<strong>\u2022 <\/strong>Wentylacja, ch\u0142odzenie i styk termiczny mog\u0105 by\u0107 zaprogramowane czasowo.<br \/>\n<strong>\u2022 <\/strong>Mo\u017cliwo\u015b\u0107 pod\u0142\u0105czenia stacji pogodowej.<br \/>\n<strong>\u2022 <\/strong>Wbudowana komunikacja: CTIPortal ca\u0142kowity system kontroli farmy poprzez:<\/p>\n<p style=\"padding-left: 40px;\">\n&#8211; Centralny komputer w gospodarstwie (radio\/kabel).<br \/>\n&#8211; Zewn\u0119trzny komputer lub smartfon (Internet).<\/p>\n<p>&nbsp;<\/p>\n<p><strong>\u2022 <\/strong>Zasilanie: 230 V<br \/>\n<strong>\u2022 <\/strong>Wymiary: 237x310x100 mm<\/p>\n","protected":false},"featured_media":5403,"comment_status":"open","ping_status":"closed","template":"","meta":[],"product_cat":[88],"product_tag":[],"_links":{"self":[{"href":"https:\/\/dahmira.pl\/en\/wp-json\/wp\/v2\/product\/5400"}],"collection":[{"href":"https:\/\/dahmira.pl\/en\/wp-json\/wp\/v2\/product"}],"about":[{"href":"https:\/\/dahmira.pl\/en\/wp-json\/wp\/v2\/types\/product"}],"replies":[{"embeddable":true,"href":"https:\/\/dahmira.pl\/en\/wp-json\/wp\/v2\/comments?post=5400"}],"wp:featuredmedia":[{"embeddable":true,"href":"https:\/\/dahmira.pl\/en\/wp-json\/wp\/v2\/media\/5403"}],"wp:attachment":[{"href":"https:\/\/dahmira.pl\/en\/wp-json\/wp\/v2\/media?parent=5400"}],"wp:term":[{"taxonomy":"product_cat","embeddable":true,"href":"https:\/\/dahmira.pl\/en\/wp-json\/wp\/v2\/product_cat?post=5400"},{"taxonomy":"product_tag","embeddable":true,"href":"https:\/\/dahmira.pl\/en\/wp-json\/wp\/v2\/product_tag?post=5400"}],"curies":[{"name":"wp","href":"https:\/\/api.w.org\/{rel}","templated":true}]}}