{"id":5397,"date":"2024-08-29T20:53:15","date_gmt":"2024-08-29T17:53:15","guid":{"rendered":"https:\/\/dahmira.pl\/?post_type=product&#038;p=5397"},"modified":"2024-08-29T20:53:53","modified_gmt":"2024-08-29T17:53:53","slug":"zaawansowany-komputer-sterujacy-mikroklimatem","status":"publish","type":"product","link":"https:\/\/dahmira.pl\/en\/product\/zaawansowany-komputer-sterujacy-mikroklimatem\/","title":{"rendered":"Zaawansowany komputer steruj\u0105cy mikroklimatem"},"content":{"rendered":"<div><\/div>\n","protected":false},"excerpt":{"rendered":"<p>Sigma 2 to zaawansowany komputer do zautomatyzowanej kontroli mikroklimatu, wa\u017cenia drobiu i zarz\u0105dzania silosami w gospodarstwie.<\/p>\n<p>&nbsp;<\/p>\n<p><strong>\u2022 <\/strong>Pozwala na sterowanie wentylacj\u0105, ogrzewaniem, ch\u0142odzeniem, alarmem, zegarem, krzywymi, statystyk\u0105, wlotami powietrza, zarz\u0105dzaniem hodowl\u0105, wa\u017ceniem silosu i innymi czynnikami.<br \/>\n<strong>\u2022 <\/strong>Sterowanie urz\u0105dzeniem za pomoc\u0105 7-calowego kolorowego ekranu dotykowego.<br \/>\n<strong>\u2022 <\/strong>Kontrola temperatury, wilgotno\u015bci wewn\u0119trznej i zewn\u0119trznej, ci\u015bnienia statycznego, amoniaku i CO2.<br \/>\n<strong>\u2022 <\/strong>Wyj\u015bcia analogowe 0-10 V do sterowania stopniami mocy, przetwornicami cz\u0119stotliwo\u015bci lub dodatkowymi stopniami sterowania wlotami powietrza.<br \/>\n<strong>\u2022 <\/strong>Mo\u017ce sterowa\u0107 4 grupami wlot\u00f3w powietrza i 1 grup\u0105 kurtyn lub komin\u00f3w.<br \/>\n<strong>\u2022 <\/strong>Mo\u017ce sterowa\u0107 maksymalnie 25 stopniami wentylacji. Sterowanie 4 nagrzewnicami + 4 stykami pomocniczymi.<br \/>\n<strong>\u2022 <\/strong>Sterowanie maksymalnie 5 silnikami na przeka\u017anik.<br \/>\n<strong>\u2022 <\/strong>Typy pomieszcze\u0144: tunelowe, boczne i kombinowane.<br \/>\n<strong>\u2022 <\/strong>Stopnie wentylacji i wloty powietrza mog\u0105 by\u0107 regulowane i programowane wed\u0142ug temperatury lub m3\/h.<br \/>\n<strong>\u2022 <\/strong>Ch\u0142odzenie mo\u017cna skonfigurowa\u0107 etapami i w zale\u017cno\u015bci od wieku zwierz\u0119cia.<br \/>\n<strong>\u2022 <\/strong>Sterowanie mieszaczami powietrza.<br \/>\n<strong>\u2022 <\/strong>Krzywe wzrostu, statystyka i zarz\u0105dzanie hodowl\u0105.<br \/>\n<strong>\u2022 <\/strong>Wy\u015bwietlanie g\u0142\u00f3wnej informacji o silosie: zarz\u0105dzanie wa\u017ceniem i zu\u017cyciem.<br \/>\n<strong>\u2022 <\/strong>Kontrola do 3 wag do wa\u017cenia kurczak\u00f3w. Zarz\u0105dzanie 2 wyl\u0119garniami.<br \/>\n<strong>\u2022 <\/strong>Systemy monitorowania zu\u017cycia paszy i wody. Sigma 2 alarmuje, gdy zwierz\u0119 zu\u017cywa mniej paszy lub wody ni\u017c zaprogramowano.<br \/>\n<strong>\u2022 <\/strong>Informacje o zu\u017cyciu paszy i wody na lini\u0119. Zaawansowany system dozowania paszy.<br \/>\n<strong>\u2022 <\/strong>Krzywe Sigma 2 obejmuj\u0105 dodatkowe parametry, takie jak ch\u0142odzenie, ogrzewanie, alarmy temperatury itp.<br \/>\n<strong>\u2022 <\/strong>Wyposa\u017cenie: p\u0142ytki przeka\u017anikowe, modu\u0142owe wej\u015bcia i wyj\u015bcia.<br \/>\n<strong>\u2022 <\/strong>CTIportal: Pozwala na dost\u0119p do wszystkich urz\u0105dze\u0144 rolniczych. Rozwi\u0105zanie oparte na chmurze. Analiza danych i powiadomienia wysy\u0142ane na telefon kom\u00f3rkowy.<br \/>\n<strong>\u2022 <\/strong>Zasilanie: 110 &#8211; 240 V<br \/>\n<strong>\u2022 <\/strong>Wymiary: 331x425x182 mm<\/p>\n","protected":false},"featured_media":5398,"comment_status":"open","ping_status":"closed","template":"","meta":[],"product_cat":[88],"product_tag":[],"_links":{"self":[{"href":"https:\/\/dahmira.pl\/en\/wp-json\/wp\/v2\/product\/5397"}],"collection":[{"href":"https:\/\/dahmira.pl\/en\/wp-json\/wp\/v2\/product"}],"about":[{"href":"https:\/\/dahmira.pl\/en\/wp-json\/wp\/v2\/types\/product"}],"replies":[{"embeddable":true,"href":"https:\/\/dahmira.pl\/en\/wp-json\/wp\/v2\/comments?post=5397"}],"wp:featuredmedia":[{"embeddable":true,"href":"https:\/\/dahmira.pl\/en\/wp-json\/wp\/v2\/media\/5398"}],"wp:attachment":[{"href":"https:\/\/dahmira.pl\/en\/wp-json\/wp\/v2\/media?parent=5397"}],"wp:term":[{"taxonomy":"product_cat","embeddable":true,"href":"https:\/\/dahmira.pl\/en\/wp-json\/wp\/v2\/product_cat?post=5397"},{"taxonomy":"product_tag","embeddable":true,"href":"https:\/\/dahmira.pl\/en\/wp-json\/wp\/v2\/product_tag?post=5397"}],"curies":[{"name":"wp","href":"https:\/\/api.w.org\/{rel}","templated":true}]}}