{"id":5376,"date":"2024-08-21T11:09:11","date_gmt":"2024-08-21T08:09:11","guid":{"rendered":"https:\/\/dahmira.pl\/?post_type=product&#038;p=5376"},"modified":"2024-08-21T12:01:06","modified_gmt":"2024-08-21T09:01:06","slug":"komputer-sterujacy-mikroklimatem","status":"publish","type":"product","link":"https:\/\/dahmira.pl\/en\/product\/komputer-sterujacy-mikroklimatem\/","title":{"rendered":"Komputer steruj\u0105cy mikroklimatem"},"content":{"rendered":"<div><\/div>\n","protected":false},"excerpt":{"rendered":"<p>Sterownik ALPHA 2 to nowoczesne urz\u0105dzenie przeznaczone do automatycznej regulacji mikroklimatu na fermach. Zapewnia optymalne warunki do\u00a0 hodowli zwierz\u0105t.<\/p>\n<p>&nbsp;<\/p>\n<p><strong>\u2022 <\/strong>Pozwala na sterowanie wentylacj\u0105, ogrzewaniem, ch\u0142odzeniem, alarmem, zegarami, stacj\u0105 meteorologiczn\u0105, krzywymi, statystyk\u0105, licznikami, wlotami powietrza, wilgotno\u015bci\u0105, CO2, amoniakiem, ci\u015bnieniem statycznym i zarz\u0105dzaniem hodowl\u0105 i danymi pomiar\u00f3w.<br \/>\n<strong>\u2022 <\/strong>Sterowanie urz\u0105dzeniem za pomoc\u0105 5-calowego kolorowego ekranu dotykowego.<br \/>\n<strong>\u2022 <\/strong>Kontrola wilgotno\u015bci, temperatury, CO2, amoniaku i ci\u015bnienia statycznego wraz z danymi pomiarowymi.<br \/>\n<strong>\u2022 <\/strong>Wyj\u015bcia analogowe 0-10 V do sterowania stopniem mocy, przemiennikiem cz\u0119stotliwo\u015bci lub dodatkowymi stopniami sterowania oknami.<br \/>\n<strong>\u2022 <\/strong>Mo\u017cliwo\u015b\u0107 sterowania 4 wlotami powietrza i 1 grup\u0105 kurtyn lub sufit\u00f3w. Sterowanie maksymalnie 14 stopniami wentylacji.<br \/>\n<strong>\u2022 <\/strong>Kontrola do 3 silnik\u00f3w na przeka\u017anik.<br \/>\n<strong>\u2022 <\/strong>Typy pomieszcze\u0144: tunelowe, boczne i kombinowane\u00a0 wentylowane.<br \/>\n<strong>\u2022 <\/strong>Stopnie wentylacji i wlotu powietrza mog\u0105 by\u0107 synchronizowane i zaprogramowane wed\u0142ug temperatury lub m3\/h.<br \/>\n<strong>\u2022 <\/strong>Mo\u017cliwo\u015b\u0107 zaprogramowania czasowego wentylacji, ch\u0142odzenia i styku pomocniczego.<br \/>\n<strong>\u2022 <\/strong>Funkcja alarmu dla maksymalnej i minimalnej temperatury.<br \/>\n<strong>\u2022 <\/strong>Ch\u0142odzenie mo\u017ce by\u0107 ustawiane etapami i w zale\u017cno\u015bci od wieku zwierz\u0119cia.<br \/>\n<strong>\u2022 <\/strong>Krzywe wzrostu, statystyki i zarz\u0105dzanie hodowl\u0105.<br \/>\n<strong>\u2022 <\/strong>Systemy monitorowania karmienia i zu\u017cycia wody. Alpha 2 alarmuje, gdy zwierz\u0119 spo\u017cywa mniej paszy lub wody ni\u017c zaprogramowano.<br \/>\n<strong>\u2022 <\/strong>Informacje o zu\u017cyciu paszy i wody na lini\u0119.<br \/>\n<strong>\u2022 <\/strong>Krzywe Alpha 2 obejmuj\u0105 dodatkowe parametry, takie jak ch\u0142odzenie, ogrzewanie, alarmy temperatury itp.<br \/>\n<strong>\u2022 <\/strong>CTIportal: Pozwala na dost\u0119p do wszystkich urz\u0105dze\u0144 w gospodarstwie. Rozwi\u0105zanie oparte na chmurze. Analiza danych i powiadomienia wysy\u0142ane na telefon kom\u00f3rkowy.<br \/>\n<strong>\u2022 <\/strong>Alpha 2: zaawansowany komputer poprawiaj\u0105cy wydajno\u015b\u0107 gospodarstwa.<br \/>\n<strong>\u2022 <\/strong>Zasilanie: 230 V<br \/>\n<strong>\u2022 <\/strong>Wymiary: 286x340x120 mm<\/p>\n","protected":false},"featured_media":5377,"comment_status":"open","ping_status":"closed","template":"","meta":[],"product_cat":[88],"product_tag":[],"_links":{"self":[{"href":"https:\/\/dahmira.pl\/en\/wp-json\/wp\/v2\/product\/5376"}],"collection":[{"href":"https:\/\/dahmira.pl\/en\/wp-json\/wp\/v2\/product"}],"about":[{"href":"https:\/\/dahmira.pl\/en\/wp-json\/wp\/v2\/types\/product"}],"replies":[{"embeddable":true,"href":"https:\/\/dahmira.pl\/en\/wp-json\/wp\/v2\/comments?post=5376"}],"wp:featuredmedia":[{"embeddable":true,"href":"https:\/\/dahmira.pl\/en\/wp-json\/wp\/v2\/media\/5377"}],"wp:attachment":[{"href":"https:\/\/dahmira.pl\/en\/wp-json\/wp\/v2\/media?parent=5376"}],"wp:term":[{"taxonomy":"product_cat","embeddable":true,"href":"https:\/\/dahmira.pl\/en\/wp-json\/wp\/v2\/product_cat?post=5376"},{"taxonomy":"product_tag","embeddable":true,"href":"https:\/\/dahmira.pl\/en\/wp-json\/wp\/v2\/product_tag?post=5376"}],"curies":[{"name":"wp","href":"https:\/\/api.w.org\/{rel}","templated":true}]}}