{"id":5372,"date":"2024-08-21T09:49:07","date_gmt":"2024-08-21T06:49:07","guid":{"rendered":"https:\/\/dahmira.pl\/?post_type=product&#038;p=5372"},"modified":"2024-08-21T09:49:07","modified_gmt":"2024-08-21T06:49:07","slug":"sterownik-wentylacji-z-czasowym-wyjsciem-triaka-6-15a","status":"publish","type":"product","link":"https:\/\/dahmira.pl\/en\/product\/sterownik-wentylacji-z-czasowym-wyjsciem-triaka-6-15a\/","title":{"rendered":"Sterownik wentylacji z czasowym wyj\u015bciem triaka 6\/15A"},"content":{"rendered":"<div><\/div>\n","protected":false},"excerpt":{"rendered":"<p>Sterownik AG25III to nowoczesne urz\u0105dzenie przeznaczone do automatycznej regulacji mikroklimatu w pomieszczeniach, szczeg\u00f3lnie na fermach, magazynach, szklarniach i innych obiektach. Zapewnia optymalne warunki do przechowywania produkt\u00f3w, uprawy ro\u015blin lub hodowli zwierz\u0105t.<\/p>\n<p>&nbsp;<\/p>\n<p><strong>\u2022 <\/strong>Pozwala na sterowanie wentylacj\u0105 lub ogrzewaniem.<br \/>\n<strong>\u2022 <\/strong>Wentylacja mo\u017ce by\u0107 zaprogramowana czasowo.<br \/>\n<strong>\u2022 <\/strong>Ustawiany zakres temperatur.<br \/>\n<strong>\u2022 <\/strong>Dost\u0119pna moc maksymalna: 6A lub 15A<br \/>\n<strong>\u2022 <\/strong>Zasilanie: 230 V<br \/>\n<strong>\u2022 <\/strong>Wymiary: 174x247x106 mm (6A) \/ 174x272x106 mm (15A)<\/p>\n","protected":false},"featured_media":5373,"comment_status":"open","ping_status":"closed","template":"","meta":[],"product_cat":[88],"product_tag":[],"_links":{"self":[{"href":"https:\/\/dahmira.pl\/en\/wp-json\/wp\/v2\/product\/5372"}],"collection":[{"href":"https:\/\/dahmira.pl\/en\/wp-json\/wp\/v2\/product"}],"about":[{"href":"https:\/\/dahmira.pl\/en\/wp-json\/wp\/v2\/types\/product"}],"replies":[{"embeddable":true,"href":"https:\/\/dahmira.pl\/en\/wp-json\/wp\/v2\/comments?post=5372"}],"wp:featuredmedia":[{"embeddable":true,"href":"https:\/\/dahmira.pl\/en\/wp-json\/wp\/v2\/media\/5373"}],"wp:attachment":[{"href":"https:\/\/dahmira.pl\/en\/wp-json\/wp\/v2\/media?parent=5372"}],"wp:term":[{"taxonomy":"product_cat","embeddable":true,"href":"https:\/\/dahmira.pl\/en\/wp-json\/wp\/v2\/product_cat?post=5372"},{"taxonomy":"product_tag","embeddable":true,"href":"https:\/\/dahmira.pl\/en\/wp-json\/wp\/v2\/product_tag?post=5372"}],"curies":[{"name":"wp","href":"https:\/\/api.w.org\/{rel}","templated":true}]}}