{"id":5368,"date":"2024-08-20T22:00:34","date_gmt":"2024-08-20T19:00:34","guid":{"rendered":"https:\/\/dahmira.pl\/?post_type=product&#038;p=5368"},"modified":"2024-08-21T09:49:33","modified_gmt":"2024-08-21T06:49:33","slug":"sterownik-wentylacji-z-triakiem-6a-i-wyjsciem-0-10v","status":"publish","type":"product","link":"https:\/\/dahmira.pl\/en\/product\/sterownik-wentylacji-z-triakiem-6a-i-wyjsciem-0-10v\/","title":{"rendered":"Sterownik wentylacji z triakiem 6A i wyj\u015bciem (0-10V)"},"content":{"rendered":"<div><\/div>\n","protected":false},"excerpt":{"rendered":"<p>Sterownik AG20R to nowoczesne urz\u0105dzenie przeznaczone do automatycznej regulacji mikroklimatu w pomieszczeniach, szczeg\u00f3lnie na fermach, magazynach, szklarniach i innych obiektach. Zapewnia optymalne warunki do przechowywania produkt\u00f3w, uprawy ro\u015blin lub hodowli zwierz\u0105t.<\/p>\n<p>&nbsp;<\/p>\n<p><strong>\u2022 <\/strong>Pozwala na sterowanie wentylacj\u0105 lub ogrzewaniem.<br \/>\n<strong>\u2022 <\/strong>Przeka\u017anik pomocniczy mo\u017cna ustawi\u0107 na ch\u0142odzenie lub ogrzewanie.<br \/>\n<strong>\u2022 <\/strong>Ustawiany zakres temperatury.<br \/>\n<strong>\u2022 <\/strong>Regulacja czujnika. Czujnik temperatury od -20\u00b0C do 80\u00b0C.<\/p>\n<p style=\"padding-left: 40px;\">&#8211; Rozdzielczo\u015b\u0107 0,1\u00b0C<br \/>\n&#8211; Precyzja \u00b1 0,2\u00b0C<\/p>\n<p><strong>\u2022 <\/strong>Maksymalna moc: 6A<br \/>\n<strong>\u2022 <\/strong>Zasilanie: 230 V<br \/>\n<strong>\u2022 <\/strong>Wymiary: 170x132x82 mm<\/p>\n","protected":false},"featured_media":5369,"comment_status":"open","ping_status":"closed","template":"","meta":[],"product_cat":[88],"product_tag":[],"_links":{"self":[{"href":"https:\/\/dahmira.pl\/en\/wp-json\/wp\/v2\/product\/5368"}],"collection":[{"href":"https:\/\/dahmira.pl\/en\/wp-json\/wp\/v2\/product"}],"about":[{"href":"https:\/\/dahmira.pl\/en\/wp-json\/wp\/v2\/types\/product"}],"replies":[{"embeddable":true,"href":"https:\/\/dahmira.pl\/en\/wp-json\/wp\/v2\/comments?post=5368"}],"wp:featuredmedia":[{"embeddable":true,"href":"https:\/\/dahmira.pl\/en\/wp-json\/wp\/v2\/media\/5369"}],"wp:attachment":[{"href":"https:\/\/dahmira.pl\/en\/wp-json\/wp\/v2\/media?parent=5368"}],"wp:term":[{"taxonomy":"product_cat","embeddable":true,"href":"https:\/\/dahmira.pl\/en\/wp-json\/wp\/v2\/product_cat?post=5368"},{"taxonomy":"product_tag","embeddable":true,"href":"https:\/\/dahmira.pl\/en\/wp-json\/wp\/v2\/product_tag?post=5368"}],"curies":[{"name":"wp","href":"https:\/\/api.w.org\/{rel}","templated":true}]}}