{"id":5359,"date":"2024-08-20T16:16:37","date_gmt":"2024-08-20T13:16:37","guid":{"rendered":"https:\/\/dahmira.pl\/?post_type=product&#038;p=5359"},"modified":"2024-08-21T09:50:22","modified_gmt":"2024-08-21T06:50:22","slug":"termostat-hydrostat","status":"publish","type":"product","link":"https:\/\/dahmira.pl\/en\/product\/termostat-hydrostat\/","title":{"rendered":"Termostat + Hydrostat"},"content":{"rendered":"<div><\/div>\n","protected":false},"excerpt":{"rendered":"<p>Sterownik AGH to nowoczesne urz\u0105dzenie przeznaczone do automatycznej regulacji mikroklimatu w pomieszczeniach, szczeg\u00f3lnie na fermach, magazynach, szklarniach i innych obiektach. Zapewnia optymalne warunki do przechowywania produkt\u00f3w, uprawy ro\u015blin lub hodowli zwierz\u0105t.<\/p>\n<p>&nbsp;<\/p>\n<p><strong>\u2022 <\/strong>Pozwala na sterowanie ogrzewaniem, ch\u0142odzeniem, czasemierzem i wilgotno\u015bci\u0105.<br \/>\n<strong>\u2022 <\/strong>Mo\u017ce dzia\u0142a\u0107 w trybie ch\u0142odzenia lub ogrzewania.<br \/>\n<strong>\u2022 <\/strong>Posiada przeka\u017anik do sterowania \u017c\u0105dan\u0105 temperatur\u0105.<br \/>\n<strong>\u2022 <\/strong>Posiada przeka\u017anik do sterowania \u017c\u0105dan\u0105 wilgotno\u015bci\u0105.<br \/>\n<strong>\u2022 <\/strong>Czujnik temperatury od -20\u00ba do 80\u00ba C<\/p>\n<p style=\"padding-left: 40px;\">&#8211; Rozdzielczo\u015b\u0107 0,1 C<br \/>\n&#8211; Precyzja \u00b1 0,2\u00ba C<\/p>\n<p><strong>\u2022 <\/strong>Czujnik wilgotno\u015bci od 0 do 100%<\/p>\n<p style=\"padding-left: 40px;\">&#8211; Rozdzielczo\u015b\u0107 1%<br \/>\n&#8211; Precyzja \u00b11%<\/p>\n<p><strong>\u2022 <\/strong>Zasilanie: 230 V<br \/>\n<strong>\u2022 <\/strong>Wymiary: 170x132x82mm<\/p>\n","protected":false},"featured_media":5360,"comment_status":"open","ping_status":"closed","template":"","meta":[],"product_cat":[88],"product_tag":[],"_links":{"self":[{"href":"https:\/\/dahmira.pl\/en\/wp-json\/wp\/v2\/product\/5359"}],"collection":[{"href":"https:\/\/dahmira.pl\/en\/wp-json\/wp\/v2\/product"}],"about":[{"href":"https:\/\/dahmira.pl\/en\/wp-json\/wp\/v2\/types\/product"}],"replies":[{"embeddable":true,"href":"https:\/\/dahmira.pl\/en\/wp-json\/wp\/v2\/comments?post=5359"}],"wp:featuredmedia":[{"embeddable":true,"href":"https:\/\/dahmira.pl\/en\/wp-json\/wp\/v2\/media\/5360"}],"wp:attachment":[{"href":"https:\/\/dahmira.pl\/en\/wp-json\/wp\/v2\/media?parent=5359"}],"wp:term":[{"taxonomy":"product_cat","embeddable":true,"href":"https:\/\/dahmira.pl\/en\/wp-json\/wp\/v2\/product_cat?post=5359"},{"taxonomy":"product_tag","embeddable":true,"href":"https:\/\/dahmira.pl\/en\/wp-json\/wp\/v2\/product_tag?post=5359"}],"curies":[{"name":"wp","href":"https:\/\/api.w.org\/{rel}","templated":true}]}}