{"id":5353,"date":"2024-08-20T15:35:15","date_gmt":"2024-08-20T12:35:15","guid":{"rendered":"https:\/\/dahmira.pl\/?post_type=product&#038;p=5353"},"modified":"2024-08-21T09:55:53","modified_gmt":"2024-08-21T06:55:53","slug":"sterownik-mikroklimatu-z-krzywymi-i-wyjsciem-triaka-10-25a-2","status":"publish","type":"product","link":"https:\/\/dahmira.pl\/en\/product\/sterownik-mikroklimatu-z-krzywymi-i-wyjsciem-triaka-10-25a-2\/","title":{"rendered":"Sterownik mikroklimatu z krzywymi i wyj\u015bciem triaka 10\/25A"},"content":{"rendered":"<div><\/div>\n","protected":false},"excerpt":{"rendered":"<p>Sterownik CTI41plus to nowoczesne urz\u0105dzenie przeznaczone do automatycznej regulacji mikroklimatu w pomieszczeniach, szczeg\u00f3lnie na fermach, magazynach, szklarniach i innych obiektach. Zapewnia optymalne warunki do przechowywania produkt\u00f3w, uprawy ro\u015blin lub hodowli zwierz\u0105t.<\/p>\n<p>&nbsp;<\/p>\n<p><strong>\u2022 <\/strong>Pozwala na sterowanie wentylacj\u0105, ogrzewaniem, ch\u0142odzeniem, kocami elektrycznymi, alarmami, czasomierzem, wentylacj\u0105 dzielon\u0105, wlotami powietrza, krzywymi, statystyk\u0105, zarz\u0105dzaniem hodowl\u0105, wilgotno\u015bci\u0105, CO2, ci\u015bnieniem statycznym, zegarami, licznikami oraz danymi z urz\u0105dze\u0144.<br \/>\n<strong>\u2022 <\/strong>Ekran dotykowy.<br \/>\n<strong>\u2022 <\/strong>Posiada wentylacj\u0119 liniow\u0105, dzielon\u0105 lub grupow\u0105. Mo\u017ce kontrolowa\u0107 do 8 grup wentylacji.<br \/>\n<strong>\u2022 <\/strong>Niezale\u017cne sterowanie wentylacj\u0105 i ogrzewaniem:<\/p>\n<p style=\"padding-left: 40px;\">&#8211; Wyj\u015bcie triaka wentylacji do 10A.<br \/>\n&#8211; Wyj\u015bcie triaka ogrzewania do 25A<\/p>\n<p><strong>\u2022 <\/strong>Mo\u017cliwo\u015b\u0107 indywidualnego sterowania maksymalnie 2 grupami wlot\u00f3w powietrza.<br \/>\n<strong>\u2022 <\/strong>Wskazuje temperatur\u0119, \u017c\u0105dan\u0105 temperatur\u0119 i procent mocy.<br \/>\n<strong>\u2022 <\/strong>Wbudowany system wentylacji dzielonej (dla 2 wentylator\u00f3w lub 2 grup wentylator\u00f3w).<br \/>\n<strong>\u2022 <\/strong>Wyj\u015bcia analogowe 0\/10 V do sterowania stopniem mocy lub przemiennikiem cz\u0119stotliwo\u015bci.<br \/>\n<strong>\u2022 <\/strong>Posiada statystyki, zarz\u0105dzanie hodowl\u0105 i wej\u015bcie USB.<br \/>\n<strong>\u2022 <\/strong>Kontrola temperatury, wilgotno\u015bci, CO2 \/ ci\u015bnienia statycznego i o\u015bwietlenia.<br \/>\n<strong>\u2022 <\/strong>Komunikacja: Wbudowane Wi-Fi. Pe\u0142ne zdalne programowanie i konfiguracja. Gromadzenie danych parametr\u00f3w gospodarstwa. Powiadomienia.<br \/>\n<strong>\u2022 <\/strong>Zasilanie: 115 &#8211; 250 V \u2013 50\/60 Hz<br \/>\n<strong>\u2022 <\/strong>Wymiary: 237x310x100 mm<\/p>\n","protected":false},"featured_media":5355,"comment_status":"open","ping_status":"closed","template":"","meta":[],"product_cat":[88],"product_tag":[],"_links":{"self":[{"href":"https:\/\/dahmira.pl\/en\/wp-json\/wp\/v2\/product\/5353"}],"collection":[{"href":"https:\/\/dahmira.pl\/en\/wp-json\/wp\/v2\/product"}],"about":[{"href":"https:\/\/dahmira.pl\/en\/wp-json\/wp\/v2\/types\/product"}],"replies":[{"embeddable":true,"href":"https:\/\/dahmira.pl\/en\/wp-json\/wp\/v2\/comments?post=5353"}],"wp:featuredmedia":[{"embeddable":true,"href":"https:\/\/dahmira.pl\/en\/wp-json\/wp\/v2\/media\/5355"}],"wp:attachment":[{"href":"https:\/\/dahmira.pl\/en\/wp-json\/wp\/v2\/media?parent=5353"}],"wp:term":[{"taxonomy":"product_cat","embeddable":true,"href":"https:\/\/dahmira.pl\/en\/wp-json\/wp\/v2\/product_cat?post=5353"},{"taxonomy":"product_tag","embeddable":true,"href":"https:\/\/dahmira.pl\/en\/wp-json\/wp\/v2\/product_tag?post=5353"}],"curies":[{"name":"wp","href":"https:\/\/api.w.org\/{rel}","templated":true}]}}