{"id":5337,"date":"2024-08-20T11:43:48","date_gmt":"2024-08-20T08:43:48","guid":{"rendered":"https:\/\/dahmira.pl\/?post_type=product&#038;p=5337"},"modified":"2024-08-21T09:56:53","modified_gmt":"2024-08-21T06:56:53","slug":"sterownik-mikroklimatu-z-wyjsciem-triaka-6-15a-i-krzywymi","status":"publish","type":"product","link":"https:\/\/dahmira.pl\/en\/product\/sterownik-mikroklimatu-z-wyjsciem-triaka-6-15a-i-krzywymi\/","title":{"rendered":"Sterownik mikroklimatu z wyj\u015bciem triaka 6\/15A i krzywymi"},"content":{"rendered":"<div><\/div>\n","protected":false},"excerpt":{"rendered":"<p>Sterownik CTI30C2 to nowoczesne urz\u0105dzenie przeznaczone do automatycznej regulacji mikroklimatu w pomieszczeniach, szczeg\u00f3lnie na fermach, magazynach, szklarniach i innych obiektach. Zapewnia optymalne warunki do przechowywania produkt\u00f3w, uprawy ro\u015blin lub hodowli zwierz\u0105t.<\/p>\n<p>&nbsp;<\/p>\n<p><strong>\u2022 <\/strong>Pozwala na sterowanie wentylacj\u0105, ogrzewaniem, ch\u0142odzeniem, alarmem, czasomierzem, wentylacj\u0105 dzielon\u0105, krzywymi, o\u015bwietleniem i licznikiem.<br \/>\n<strong>\u2022 <\/strong>Posiada funkcj\u0119 pomiaru czasu dla wentylacji, ogrzewania, ch\u0142odzenia i styku pomocniczego.<br \/>\n<strong>\u2022 <\/strong>Posiada 2 zegary i 1 licznik.<br \/>\n<strong>\u2022 <\/strong>Wbudowany system wentylacji dzielonej (dla 2 wentylator\u00f3w lub 2 grup wentylator\u00f3w).<br \/>\n<strong>\u2022 <\/strong>Posiada 6 stopni wentylacji.<br \/>\n<strong>\u2022 <\/strong>Zawiera przeka\u017anik dla styku pomocniczego do sterowania wentylacj\u0105 lub ogrzewaniem.<br \/>\n<strong>\u2022 <\/strong>Wyj\u015bcie zasilania mo\u017cna skonfigurowa\u0107 do sterowania systemem wentylacji lub ogrzewania.<br \/>\n<strong>\u2022 <\/strong>Triak mocy dost\u0119pny w: 6 A \/ 15 A.<br \/>\n<strong>\u2022 <\/strong>Zasilanie: 230 V<br \/>\n<strong>\u2022 <\/strong>Wymiary: 226x195x106 mm (6A) \/ 226x220x106 mm (15A)<\/p>\n","protected":false},"featured_media":5341,"comment_status":"open","ping_status":"closed","template":"","meta":[],"product_cat":[88],"product_tag":[],"_links":{"self":[{"href":"https:\/\/dahmira.pl\/en\/wp-json\/wp\/v2\/product\/5337"}],"collection":[{"href":"https:\/\/dahmira.pl\/en\/wp-json\/wp\/v2\/product"}],"about":[{"href":"https:\/\/dahmira.pl\/en\/wp-json\/wp\/v2\/types\/product"}],"replies":[{"embeddable":true,"href":"https:\/\/dahmira.pl\/en\/wp-json\/wp\/v2\/comments?post=5337"}],"wp:featuredmedia":[{"embeddable":true,"href":"https:\/\/dahmira.pl\/en\/wp-json\/wp\/v2\/media\/5341"}],"wp:attachment":[{"href":"https:\/\/dahmira.pl\/en\/wp-json\/wp\/v2\/media?parent=5337"}],"wp:term":[{"taxonomy":"product_cat","embeddable":true,"href":"https:\/\/dahmira.pl\/en\/wp-json\/wp\/v2\/product_cat?post=5337"},{"taxonomy":"product_tag","embeddable":true,"href":"https:\/\/dahmira.pl\/en\/wp-json\/wp\/v2\/product_tag?post=5337"}],"curies":[{"name":"wp","href":"https:\/\/api.w.org\/{rel}","templated":true}]}}