{"id":5333,"date":"2024-08-20T10:35:25","date_gmt":"2024-08-20T07:35:25","guid":{"rendered":"https:\/\/dahmira.pl\/?post_type=product&#038;p=5333"},"modified":"2024-08-20T10:35:25","modified_gmt":"2024-08-20T07:35:25","slug":"sterownik-klimatu-z-krzywymi-z-6-stopniami-wentylacji","status":"publish","type":"product","link":"https:\/\/dahmira.pl\/en\/product\/sterownik-klimatu-z-krzywymi-z-6-stopniami-wentylacji\/","title":{"rendered":"Sterownik klimatu z krzywymi z 6 stopniami wentylacji"},"content":{"rendered":"<div><\/div>\n","protected":false},"excerpt":{"rendered":"<p>Sterownik mikroklimatu CTI33 to nowoczesne urz\u0105dzenie przeznaczone do automatycznej regulacji mikroklimatu w pomieszczeniach, szczeg\u00f3lnie na fermach, magazynach, szklarniach i innych obiektach. Zapewnia optymalne warunki do przechowywania produkt\u00f3w, uprawy ro\u015blin lub hodowli zwierz\u0105t.<\/p>\n<p>&nbsp;<\/p>\n<p><strong>\u2022 <\/strong>Pozwala na sterowanie wentylacj\u0105, ogrzewaniem, ch\u0142odzeniem, alarmami, czasomierzem, wlotami powietrza, kurtynami, o\u015bwietleniem i krzywymi.<br \/>\n<strong>\u2022 <\/strong>Posiada stopnie wentylacji dla 6 grup, \u0142atwo programowalne wed\u0142ug temperatury.<br \/>\n<strong>\u2022 <\/strong>Dynamiczna wentylacja dla pomieszcze\u0144 tunelowych.<br \/>\n<strong>\u2022 <\/strong>Posiada system krzywych z 6 punktami \u0142atwymi do ustawienia.<br \/>\n<strong>\u2022 <\/strong>Minimalna wentylacja mo\u017ce by\u0107 realizowana za pomoc\u0105 1 lub 2 grup wentylacyjnych.<br \/>\n<strong>\u2022<\/strong>Steruje indywidualnie grup\u0105 wlot\u00f3w powietrza i drug\u0105 grup\u0105 kurtyn.<br \/>\n<strong>\u2022 <\/strong>Timer wentylacji i ch\u0142odzenia.<br \/>\n<strong>\u2022 <\/strong>Posiada 2 liczniki wody i paszy.<br \/>\n<strong>\u2022 <\/strong>Zasilanie:\u00a0230 V \u2013 50\/60 Hz<br \/>\n<strong>\u2022 <\/strong>Wymiary: 226x195x106 mm (6A) \/ 226x220x106 mm (15A)<\/p>\n","protected":false},"featured_media":5334,"comment_status":"open","ping_status":"closed","template":"","meta":[],"product_cat":[88],"product_tag":[],"_links":{"self":[{"href":"https:\/\/dahmira.pl\/en\/wp-json\/wp\/v2\/product\/5333"}],"collection":[{"href":"https:\/\/dahmira.pl\/en\/wp-json\/wp\/v2\/product"}],"about":[{"href":"https:\/\/dahmira.pl\/en\/wp-json\/wp\/v2\/types\/product"}],"replies":[{"embeddable":true,"href":"https:\/\/dahmira.pl\/en\/wp-json\/wp\/v2\/comments?post=5333"}],"wp:featuredmedia":[{"embeddable":true,"href":"https:\/\/dahmira.pl\/en\/wp-json\/wp\/v2\/media\/5334"}],"wp:attachment":[{"href":"https:\/\/dahmira.pl\/en\/wp-json\/wp\/v2\/media?parent=5333"}],"wp:term":[{"taxonomy":"product_cat","embeddable":true,"href":"https:\/\/dahmira.pl\/en\/wp-json\/wp\/v2\/product_cat?post=5333"},{"taxonomy":"product_tag","embeddable":true,"href":"https:\/\/dahmira.pl\/en\/wp-json\/wp\/v2\/product_tag?post=5333"}],"curies":[{"name":"wp","href":"https:\/\/api.w.org\/{rel}","templated":true}]}}