{"id":5330,"date":"2024-08-19T16:49:15","date_gmt":"2024-08-19T13:49:15","guid":{"rendered":"https:\/\/dahmira.pl\/?post_type=product&#038;p=5330"},"modified":"2024-08-19T16:50:17","modified_gmt":"2024-08-19T13:50:17","slug":"sterownik-mikroklimatu-z-bezposrednim-sterowaniem-wlotami-powietrza","status":"publish","type":"product","link":"https:\/\/dahmira.pl\/en\/product\/sterownik-mikroklimatu-z-bezposrednim-sterowaniem-wlotami-powietrza\/","title":{"rendered":"Sterownik mikroklimatu z bezpo\u015brednim sterowaniem wlotami powietrza"},"content":{"rendered":"<div><\/div>\n","protected":false},"excerpt":{"rendered":"<p>Sterownik mikroklimatu V125 to nowoczesne urz\u0105dzenie przeznaczone do automatycznej regulacji mikroklimatu w pomieszczeniach, szczeg\u00f3lnie na fermach, magazynach, szklarniach i innych obiektach. Zapewnia optymalne warunki do przechowywania produkt\u00f3w, uprawy ro\u015blin lub hodowli zwierz\u0105t.<\/p>\n<p>&nbsp;<\/p>\n<p><strong>\u2022 <\/strong>Pozwala na sterowanie wentylacj\u0105, ogrzewaniem, ch\u0142odzeniem, wlotami powietrza, alarmami.<br \/>\n<strong>\u2022 <\/strong>Pokazuje po\u0142o\u017cenie okna.<br \/>\n<strong>\u2022 <\/strong>Bezpo\u015brednie sterowanie wlotami powietrza; \u00a0motoreduktorem jednofazowym\/tr\u00f3jfazowym za pomoc\u0105 timera lub potencjometru.<br \/>\n<strong>\u2022 <\/strong>Mo\u017ce sterowa\u0107 stykiem pomocniczym i alarmem.<br \/>\n<strong>\u2022 <\/strong>Maksymalna moc: silniki jednofazowe 2,2 kW \/ silniki tr\u00f3jfazowe 4 kW.<br \/>\n<strong>\u2022 <\/strong>Zasilanie: 230 V \/ 400 V<br \/>\n<strong>\u2022 <\/strong>Wymiary: 168x247x106 mm<\/p>\n","protected":false},"featured_media":5331,"comment_status":"open","ping_status":"closed","template":"","meta":[],"product_cat":[88],"product_tag":[],"_links":{"self":[{"href":"https:\/\/dahmira.pl\/en\/wp-json\/wp\/v2\/product\/5330"}],"collection":[{"href":"https:\/\/dahmira.pl\/en\/wp-json\/wp\/v2\/product"}],"about":[{"href":"https:\/\/dahmira.pl\/en\/wp-json\/wp\/v2\/types\/product"}],"replies":[{"embeddable":true,"href":"https:\/\/dahmira.pl\/en\/wp-json\/wp\/v2\/comments?post=5330"}],"wp:featuredmedia":[{"embeddable":true,"href":"https:\/\/dahmira.pl\/en\/wp-json\/wp\/v2\/media\/5331"}],"wp:attachment":[{"href":"https:\/\/dahmira.pl\/en\/wp-json\/wp\/v2\/media?parent=5330"}],"wp:term":[{"taxonomy":"product_cat","embeddable":true,"href":"https:\/\/dahmira.pl\/en\/wp-json\/wp\/v2\/product_cat?post=5330"},{"taxonomy":"product_tag","embeddable":true,"href":"https:\/\/dahmira.pl\/en\/wp-json\/wp\/v2\/product_tag?post=5330"}],"curies":[{"name":"wp","href":"https:\/\/api.w.org\/{rel}","templated":true}]}}