{"id":5328,"date":"2024-08-19T14:52:20","date_gmt":"2024-08-19T11:52:20","guid":{"rendered":"https:\/\/dahmira.pl\/?post_type=product&#038;p=5328"},"modified":"2024-08-19T14:52:20","modified_gmt":"2024-08-19T11:52:20","slug":"podwojny-cyfrowy-termostat-z-modulacja-czasowa","status":"publish","type":"product","link":"https:\/\/dahmira.pl\/en\/product\/podwojny-cyfrowy-termostat-z-modulacja-czasowa\/","title":{"rendered":"Podw\u00f3jny cyfrowy termostat z modulacj\u0105 czasow\u0105"},"content":{"rendered":"<div><\/div>\n","protected":false},"excerpt":{"rendered":"<p><strong>\u2022 <\/strong>Mo\u017ce by\u0107 skonfigurowany do funkcji ch\u0142odzenia lub ogrzewania.<br \/>\n<strong>\u2022 <\/strong>Pozwala modulowa\u0107 \u017c\u0105dan\u0105 temperatur\u0119.<br \/>\n<strong>\u2022 <\/strong>Mo\u017ce kontrolowa\u0107 temperatur\u0119 w zakresie od -20\u00b0C do 80\u00b0C za pomoc\u0105 czujnika temperatury.<\/p>\n<p style=\"padding-left: 40px;\">&#8211; Rozdzielczo\u015b\u0107 0,1\u00b0C<br \/>\n&#8211; Dok\u0142adno\u015b\u0107 \u00b1 0,2\u00b0C<\/p>\n<p><strong>\u2022<\/strong>Posiada funkcj\u0119 progresywn\u0105 i cykliczn\u0105.<br \/>\n<strong>\u2022 <\/strong>Posiada tryb histerezy.<br \/>\n<strong>\u2022 <\/strong>Zasilanie: 230 V<br \/>\n<strong>\u2022 <\/strong>Wymiary: 170x132x82 mm<\/p>\n","protected":false},"featured_media":5329,"comment_status":"open","ping_status":"closed","template":"","meta":[],"product_cat":[88],"product_tag":[],"_links":{"self":[{"href":"https:\/\/dahmira.pl\/en\/wp-json\/wp\/v2\/product\/5328"}],"collection":[{"href":"https:\/\/dahmira.pl\/en\/wp-json\/wp\/v2\/product"}],"about":[{"href":"https:\/\/dahmira.pl\/en\/wp-json\/wp\/v2\/types\/product"}],"replies":[{"embeddable":true,"href":"https:\/\/dahmira.pl\/en\/wp-json\/wp\/v2\/comments?post=5328"}],"wp:featuredmedia":[{"embeddable":true,"href":"https:\/\/dahmira.pl\/en\/wp-json\/wp\/v2\/media\/5329"}],"wp:attachment":[{"href":"https:\/\/dahmira.pl\/en\/wp-json\/wp\/v2\/media?parent=5328"}],"wp:term":[{"taxonomy":"product_cat","embeddable":true,"href":"https:\/\/dahmira.pl\/en\/wp-json\/wp\/v2\/product_cat?post=5328"},{"taxonomy":"product_tag","embeddable":true,"href":"https:\/\/dahmira.pl\/en\/wp-json\/wp\/v2\/product_tag?post=5328"}],"curies":[{"name":"wp","href":"https:\/\/api.w.org\/{rel}","templated":true}]}}