{"id":5283,"date":"2024-08-15T11:33:48","date_gmt":"2024-08-15T08:33:48","guid":{"rendered":"https:\/\/dahmira.pl\/?post_type=product&#038;p=5283"},"modified":"2024-08-15T13:57:13","modified_gmt":"2024-08-15T10:57:13","slug":"sterownik-mikroklimatu-z-programatorem-czasowym-i-alarmem-6-15-25a","status":"publish","type":"product","link":"https:\/\/dahmira.pl\/en\/product\/sterownik-mikroklimatu-z-programatorem-czasowym-i-alarmem-6-15-25a\/","title":{"rendered":"Sterownik mikroklimatu z programatorem czasowym i alarmem 6\/15\/25A"},"content":{"rendered":"<div><\/div>\n","protected":false},"excerpt":{"rendered":"<p>Sterownik mikroklimatu CTI27 to nowoczesne urz\u0105dzenie przeznaczone do automatycznej regulacji mikroklimatu w pomieszczeniach, szczeg\u00f3lnie na fermach, magazynach, szklarniach i innych obiektach. Zapewnia optymalne warunki do przechowywania produkt\u00f3w, uprawy ro\u015blin lub hodowli zwierz\u0105t.<\/p>\n<p>&nbsp;<\/p>\n<p><strong>\u2022<\/strong> Pozwala na sterowanie wentylacj\u0105, ogrzewaniem, ch\u0142odzeniem, programatorem czasowym i alarmem.<br \/>\n<strong>\u2022<\/strong> Przeka\u017anik styku pomocniczego do ogrzewania lub wentylacji.<br \/>\n<strong>\u2022<\/strong> Przeka\u017anik Alarmu.<br \/>\n<strong>\u2022<\/strong> Wentylacja z programatorem czasowym.<br \/>\n<strong>\u2022<\/strong> Wyb\u00f3r szeroko\u015bci pasma.<br \/>\n<strong>\u2022<\/strong> Styk pomocniczy z programatorem czasowym.<br \/>\n<strong>\u2022<\/strong> Moc maksymalna: 6A \/ 15A \/ 25A<br \/>\n<strong>\u2022<\/strong> Zasilanie: 230 V<br \/>\n<strong>\u2022<\/strong> Wymiary: 181x247x106 mm (6A) \/ 181x272x106 mm (15A) \/ 181x287x106 mm (25A)<\/p>\n","protected":false},"featured_media":5284,"comment_status":"open","ping_status":"closed","template":"","meta":[],"product_cat":[88],"product_tag":[],"_links":{"self":[{"href":"https:\/\/dahmira.pl\/en\/wp-json\/wp\/v2\/product\/5283"}],"collection":[{"href":"https:\/\/dahmira.pl\/en\/wp-json\/wp\/v2\/product"}],"about":[{"href":"https:\/\/dahmira.pl\/en\/wp-json\/wp\/v2\/types\/product"}],"replies":[{"embeddable":true,"href":"https:\/\/dahmira.pl\/en\/wp-json\/wp\/v2\/comments?post=5283"}],"wp:featuredmedia":[{"embeddable":true,"href":"https:\/\/dahmira.pl\/en\/wp-json\/wp\/v2\/media\/5284"}],"wp:attachment":[{"href":"https:\/\/dahmira.pl\/en\/wp-json\/wp\/v2\/media?parent=5283"}],"wp:term":[{"taxonomy":"product_cat","embeddable":true,"href":"https:\/\/dahmira.pl\/en\/wp-json\/wp\/v2\/product_cat?post=5283"},{"taxonomy":"product_tag","embeddable":true,"href":"https:\/\/dahmira.pl\/en\/wp-json\/wp\/v2\/product_tag?post=5283"}],"curies":[{"name":"wp","href":"https:\/\/api.w.org\/{rel}","templated":true}]}}