{"id":5278,"date":"2024-08-15T09:52:08","date_gmt":"2024-08-15T06:52:08","guid":{"rendered":"https:\/\/dahmira.pl\/?post_type=product&#038;p=5278"},"modified":"2024-08-15T15:32:25","modified_gmt":"2024-08-15T12:32:25","slug":"sterownik-mikroklimatu-z-krzywymi-i-wyjsciem-triaka-6-15a","status":"publish","type":"product","link":"https:\/\/dahmira.pl\/en\/product\/sterownik-mikroklimatu-z-krzywymi-i-wyjsciem-triaka-6-15a\/","title":{"rendered":"Sterownik mikroklimatu z krzywymi i wyj\u015bciem triaka 6\/15A"},"content":{"rendered":"<div><\/div>\n","protected":false},"excerpt":{"rendered":"<p data-sourcepos=\"5:3-5:290\">Sterownik mikroklimatu CTI40 to nowoczesne urz\u0105dzenie przeznaczone do automatycznej regulacji mikroklimatu w pomieszczeniach, szczeg\u00f3lnie na fermach, magazynach, szklarniach i innych obiektach. Zapewnia optymalne warunki do przechowywania produkt\u00f3w, uprawy ro\u015blin lub hodowli zwierz\u0105t.<\/p>\n<section class=\"elementor-element elementor-element-36d7dbe elementor-hidden-phone elementor-section-boxed elementor-section-height-default elementor-section-height-default elementor-section elementor-top-section\" data-id=\"36d7dbe\" data-element_type=\"section\">\n<div class=\"elementor-container elementor-column-gap-default\">\n<div class=\"elementor-row\">\n<div class=\"elementor-element elementor-element-093cfd2 elementor-column elementor-col-33 elementor-top-column\" data-id=\"093cfd2\" data-element_type=\"column\" data-settings=\"{&quot;background_background&quot;:&quot;classic&quot;}\">\n<div class=\"elementor-column-wrap elementor-element-populated\">\n<div class=\"elementor-widget-wrap\">\n<section class=\"elementor-element elementor-element-b26eecc elementor-section-boxed elementor-section-height-default elementor-section-height-default elementor-section elementor-inner-section\" data-id=\"b26eecc\" data-element_type=\"section\">\n<div class=\"elementor-container elementor-column-gap-default\">\n<div class=\"elementor-row\">\n<div class=\"elementor-element elementor-element-58f7b1d elementor-column elementor-col-100 elementor-inner-column\" data-id=\"58f7b1d\" data-element_type=\"column\">\n<div class=\"elementor-column-wrap elementor-element-populated\">\n<div class=\"elementor-widget-wrap\">\n<div class=\"elementor-element elementor-element-5d5d0fb elementor-widget elementor-widget-jet-listing-dynamic-field\" data-id=\"5d5d0fb\" data-element_type=\"widget\" data-widget_type=\"jet-listing-dynamic-field.default\">\n<div class=\"elementor-widget-container\">\n<div class=\"jet-listing-dynamic-field__inline-wrap\">\n<div class=\"jet-listing-dynamic-field__content\">\n<p>&nbsp;<\/p>\n<p><strong>\u2022 <\/strong>Pozwala na sterowanie wentylacj\u0105, ogrzewaniem, ch\u0142odzeniem, kocami elektrycznymi, alarmem, czasomierzem, wentylacj\u0105 dzielon\u0105, wlotami powietrza, krzywymi, statystyk\u0105, zarz\u0105dzaniem hodowl\u0105, wilgotno\u015bci\u0105, ci\u015bnieniem statycznym lub CO2, zegarami, licznikami oraz danymi z urz\u0105dze\u0144.<br \/>\n<strong>\u2022 <\/strong>Na ekranie widoczne s\u0105 grafiki i wszystkie funkcje.<br \/>\n<strong>\u2022 <\/strong>Mo\u017cliwo\u015b\u0107 kontrolowania do 6 grup wentylacji.<br \/>\n<strong>\u2022 <\/strong>Posiada do 6 punkt\u00f3w krzywych programowalnych.<br \/>\n<strong>\u2022 <\/strong>Mo\u017cliwo\u015b\u0107 kontrolowania 1 grupy wlotu powietrza i 1 grupy kurtyn.<br \/>\n<strong>\u2022 <\/strong>Przeka\u017anik dodatkowy do sterowania ogrzewaniem i ch\u0142odzeniem.<br \/>\n<strong>\u2022 <\/strong>System wentylacji dzielonej (oparty na wentylacji 2 wentylatorami lub 2 grupami wentylator\u00f3w).<br \/>\n<strong>\u2022 <\/strong>Wyj\u015bcia analogowe 0\/10 V lub 10\/0 V do sterowania jednym etapem mocy lub zmiennikiem cz\u0119stotliwo\u015bci.<br \/>\n<strong>\u2022 <\/strong>Posiada statystyki, zarz\u0105dzanie hodowl\u0105 i wej\u015bcie USB.<br \/>\n<strong>\u2022 <\/strong>Posiada 2 zegary (\u015bwiat\u0142o i \u017cywienie) i 2 liczniki (pasza i woda).<br \/>\n<strong>\u2022 <\/strong>Mo\u017cliwo\u015b\u0107 mierzenia temperatury wewn\u0119trznej i zewn\u0119trznej, wilgotno\u015bci i ci\u015bnienia statycznego \/ CO2 z danymi z urz\u0105dze\u0144.<br \/>\n<strong>\u2022 <\/strong>Pozwala na po\u0142\u0105czenie: CTIportal system kompleksowej kontroli fermy poprzez:<\/p>\n<p style=\"padding-left: 40px;\">&#8211; Central\u0119 na fermie (radio\/\u0142\u0105cze).<br \/>\n&#8211; Zewn\u0119trzny PC lub smartphone z internetem.<\/p>\n<p><strong>\u2022 <\/strong>Zasilanie: 230 V \u2013 50\/60 Hz<br \/>\n<strong>\u2022 <\/strong>Wymiary: 235x185x100 mm<\/p>\n<\/div>\n<\/div>\n<\/div>\n<\/div>\n<\/div>\n<\/div>\n<\/div>\n<\/div>\n<\/div>\n<\/section>\n<\/div>\n<\/div>\n<\/div>\n<\/div>\n<\/div>\n<\/section>\n","protected":false},"featured_media":5280,"comment_status":"open","ping_status":"closed","template":"","meta":[],"product_cat":[88],"product_tag":[],"_links":{"self":[{"href":"https:\/\/dahmira.pl\/en\/wp-json\/wp\/v2\/product\/5278"}],"collection":[{"href":"https:\/\/dahmira.pl\/en\/wp-json\/wp\/v2\/product"}],"about":[{"href":"https:\/\/dahmira.pl\/en\/wp-json\/wp\/v2\/types\/product"}],"replies":[{"embeddable":true,"href":"https:\/\/dahmira.pl\/en\/wp-json\/wp\/v2\/comments?post=5278"}],"wp:featuredmedia":[{"embeddable":true,"href":"https:\/\/dahmira.pl\/en\/wp-json\/wp\/v2\/media\/5280"}],"wp:attachment":[{"href":"https:\/\/dahmira.pl\/en\/wp-json\/wp\/v2\/media?parent=5278"}],"wp:term":[{"taxonomy":"product_cat","embeddable":true,"href":"https:\/\/dahmira.pl\/en\/wp-json\/wp\/v2\/product_cat?post=5278"},{"taxonomy":"product_tag","embeddable":true,"href":"https:\/\/dahmira.pl\/en\/wp-json\/wp\/v2\/product_tag?post=5278"}],"curies":[{"name":"wp","href":"https:\/\/api.w.org\/{rel}","templated":true}]}}