{"id":5137,"date":"2024-07-01T12:44:35","date_gmt":"2024-07-01T09:44:35","guid":{"rendered":"https:\/\/dahmira.pl\/?post_type=product&#038;p=5137"},"modified":"2026-04-01T13:11:38","modified_gmt":"2026-04-01T10:11:38","slug":"dozownik-dosatron-1-5","status":"publish","type":"product","link":"https:\/\/dahmira.pl\/en\/product\/dozownik-dosatron-1-5\/","title":{"rendered":"Dozownik Dosatron 1-5%"},"content":{"rendered":"<h3 style=\"text-align: center;\" data-sourcepos=\"26:1-26:19\">Zasada dzia\u0142ania:<\/h3>\n<p style=\"padding-left: 40px;\">1. Dozownik jest pod\u0142\u0105czony do \u017ar\u00f3d\u0142a wody. Jedynym \u017ar\u00f3d\u0142em energii dla dozownika jest ci\u015bnienie wody w systemie.<br \/>\n2. Woda przep\u0142ywa przez dozownik, uruchamiaj\u0105c jego mechanizm.<br \/>\n3. Dozownik zasysa st\u0119\u017cony roztw\u00f3r leku i miesza go z wod\u0105 w okre\u015blonych proporcjach.<br \/>\n4. Roztw\u00f3r o wymaganym st\u0119\u017ceniu leku jest podawany do systemu pojenia. Dozownik jest kompatybilny z r\u00f3\u017cnymi systemami pojenia i jest \u0142atwy w konserwacji i czyszczeniu.<\/p>\n<div class=\"block\">\n<div class=\"flex\">\n<p><img loading=\"lazy\" decoding=\"async\" class=\" wp-image-3639 alignleft\" src=\"https:\/\/dahmira.com.ua\/wp-content\/uploads\/2024\/06\/pumpa1.jpg\" alt=\"\" width=\"328\" height=\"491\" \/><\/p>\n<div>\n<p style=\"text-align: left;\"><strong>Proporcjonalne dozowanie z zewn\u0119trzn\u0105 regulacj\u0105.<\/strong> Dozowanie jest regulowane poprzez wyr\u00f3wnanie g\u00f3rnej cz\u0119\u015bci pier\u015bcienia z \u017c\u0105danym oznaczeniem na linijce z podzia\u0142k\u0105. Ilo\u015b\u0107 wstrzykiwanego produktu jest proporcjonalna do ilo\u015bci wody wp\u0142ywaj\u0105cej do Dosatron: np. regulacja od 1% = 1:100 = 1 obj\u0119to\u015b\u0107 produktu na 100 obj\u0119to\u015bci wody.<\/p>\n<p>Zestaw zawiera:<\/p>\n<ul>\n<li>Jeden dozownik<\/li>\n<li>Jeden uchwyt \u015bcienny<\/li>\n<li>Jeden przezroczysty w\u0105\u017c ss\u0105cy o d\u0142ugo\u015bci 175 cm [69&#8243;] i wymiarach 6 x 9 mm<\/li>\n<li>Instrukcja u\u017cytkowania i konserwacji<\/li>\n<\/ul>\n<\/div>\n<\/div>\n<\/div>\n<p style=\"text-align: center;\"><strong>Dozownik Dosatron to skuteczne i niezawodne narz\u0119dzie, kt\u00f3re pomo\u017ce Ci zoptymalizowa\u0107 koszty lek\u00f3w, poprawi\u0107 zdrowie zwierz\u0105t i zwi\u0119kszy\u0107 produktywno\u015b\u0107 Twojego gospodarstwa!<\/strong><\/p>\n","protected":false},"excerpt":{"rendered":"<p>Dosatron 1-5% to hydrauliczny dozownik proporcjonalny s\u0142u\u017c\u0105cy do precyzyjnego i automatycznego dozowania p\u0142ynnych preparat\u00f3w do wody. Opr\u00f3cz hodowli zwierz\u0105t, jest szeroko stosowany w ogrodnictwie i przemy\u015ble do podawania lek\u00f3w, witamin, \u015brodk\u00f3w dezynfekuj\u0105cych i innych p\u0142yn\u00f3w.<\/p>\n<p><strong>\u2022<\/strong> Model: Dosatron D25RE5<br \/>\n<strong>\u2022<\/strong> Zakres dozowania: 1-5% (1:100 &#8211; 1:20)<br \/>\n<strong>\u2022<\/strong> Wydajno\u015b\u0107: 10 l\/h &#8211; 2,5 m\u00b3\/h<br \/>\n<strong>\u2022<\/strong> Szybko\u015b\u0107 wtrysku skoncentrowanego produktu: 0,1 l\/h &#8211; 125 l\/h<br \/>\n<strong>\u2022<\/strong> Robocze ci\u015bnienie wody: 0,3 &#8211; 6 bar<br \/>\n<strong>\u2022<\/strong> Robocza temperatura wody: 5 &#8211; 40\u00b0 C<br \/>\n<strong>\u2022<\/strong> Pojemno\u015b\u0107 silnika: 0,45 l<br \/>\n<strong>\u2022<\/strong> Materia\u0142 korpusu: poliacetal (POM)<br \/>\n<strong>\u2022<\/strong> Przy\u0142\u0105cze: G\u00be&#8221; (gwint zewn\u0119trzny)<br \/>\n<strong>\u2022<\/strong> Automatyczna kontrola proporcji w zale\u017cno\u015bci od zmian przep\u0142ywu wody<\/p>\n","protected":false},"featured_media":5138,"comment_status":"open","ping_status":"closed","template":"","meta":[],"product_cat":[96,91,86,97],"product_tag":[],"_links":{"self":[{"href":"https:\/\/dahmira.pl\/en\/wp-json\/wp\/v2\/product\/5137"}],"collection":[{"href":"https:\/\/dahmira.pl\/en\/wp-json\/wp\/v2\/product"}],"about":[{"href":"https:\/\/dahmira.pl\/en\/wp-json\/wp\/v2\/types\/product"}],"replies":[{"embeddable":true,"href":"https:\/\/dahmira.pl\/en\/wp-json\/wp\/v2\/comments?post=5137"}],"wp:featuredmedia":[{"embeddable":true,"href":"https:\/\/dahmira.pl\/en\/wp-json\/wp\/v2\/media\/5138"}],"wp:attachment":[{"href":"https:\/\/dahmira.pl\/en\/wp-json\/wp\/v2\/media?parent=5137"}],"wp:term":[{"taxonomy":"product_cat","embeddable":true,"href":"https:\/\/dahmira.pl\/en\/wp-json\/wp\/v2\/product_cat?post=5137"},{"taxonomy":"product_tag","embeddable":true,"href":"https:\/\/dahmira.pl\/en\/wp-json\/wp\/v2\/product_tag?post=5137"}],"curies":[{"name":"wp","href":"https:\/\/api.w.org\/{rel}","templated":true}]}}