{"id":5022,"date":"2024-06-11T15:34:42","date_gmt":"2024-06-11T12:34:42","guid":{"rendered":"https:\/\/dahmira.pl\/?post_type=product&#038;p=5022"},"modified":"2024-08-02T11:08:26","modified_gmt":"2024-08-02T08:08:26","slug":"lancuch-ocynkowany","status":"publish","type":"product","link":"https:\/\/dahmira.pl\/en\/product\/lancuch-ocynkowany\/","title":{"rendered":"\u0141a\u0144cuch ocynkowany 4 mm"},"content":{"rendered":"<div><\/div>\n","protected":false},"excerpt":{"rendered":"<ul>\n<li>D\u0142ugo\u015b\u0107: 250 cm<\/li>\n<li>Przeznaczony do regulacji wysoko\u015bci wspornika obrotowego \u2116<span style=\"color: #99cc00;\"><a style=\"color: #99cc00;\" href=\"https:\/\/dahmira.pl\/product\/wspornik-obrotowy-15-mm-dla-dwoch-poidel\/\">10096-8-S<\/a><\/span> i \u2116<span style=\"color: #99cc00;\"><a style=\"color: #99cc00;\" href=\"https:\/\/dahmira.pl\/product\/wspornik-obrotowy-15-mm-dla-czterech-poidel\/\">10096-8-S-01<\/a><\/span><\/li>\n<\/ul>\n","protected":false},"featured_media":5023,"comment_status":"open","ping_status":"closed","template":"","meta":[],"product_cat":[81],"product_tag":[],"_links":{"self":[{"href":"https:\/\/dahmira.pl\/en\/wp-json\/wp\/v2\/product\/5022"}],"collection":[{"href":"https:\/\/dahmira.pl\/en\/wp-json\/wp\/v2\/product"}],"about":[{"href":"https:\/\/dahmira.pl\/en\/wp-json\/wp\/v2\/types\/product"}],"replies":[{"embeddable":true,"href":"https:\/\/dahmira.pl\/en\/wp-json\/wp\/v2\/comments?post=5022"}],"wp:featuredmedia":[{"embeddable":true,"href":"https:\/\/dahmira.pl\/en\/wp-json\/wp\/v2\/media\/5023"}],"wp:attachment":[{"href":"https:\/\/dahmira.pl\/en\/wp-json\/wp\/v2\/media?parent=5022"}],"wp:term":[{"taxonomy":"product_cat","embeddable":true,"href":"https:\/\/dahmira.pl\/en\/wp-json\/wp\/v2\/product_cat?post=5022"},{"taxonomy":"product_tag","embeddable":true,"href":"https:\/\/dahmira.pl\/en\/wp-json\/wp\/v2\/product_tag?post=5022"}],"curies":[{"name":"wp","href":"https:\/\/api.w.org\/{rel}","templated":true}]}}