{"id":5016,"date":"2024-06-11T15:18:46","date_gmt":"2024-06-11T12:18:46","guid":{"rendered":"https:\/\/dahmira.pl\/?post_type=product&#038;p=5016"},"modified":"2024-08-02T13:38:23","modified_gmt":"2024-08-02T10:38:23","slug":"uchwyt-do-rur-3","status":"publish","type":"product","link":"https:\/\/dahmira.pl\/en\/product\/uchwyt-do-rur-3\/","title":{"rendered":"Uchwyt do rur"},"content":{"rendered":"<div><\/div>\n","protected":false},"excerpt":{"rendered":"<ul>\n<li>Materia\u0142: stal nierdzewna<\/li>\n<li>\u0141\u0105czy rur\u0119 wodn\u0105 \u00bd&#8221; (15 mm) z rur\u0105 stalow\u0105 od \u00be&#8221; do 1&#8243; (20 mm &#8211; 25 mm), w komplecie ze \u015brub\u0105 M8 x 25 mm<\/li>\n<\/ul>\n","protected":false},"featured_media":5017,"comment_status":"open","ping_status":"closed","template":"","meta":[],"product_cat":[81],"product_tag":[],"_links":{"self":[{"href":"https:\/\/dahmira.pl\/en\/wp-json\/wp\/v2\/product\/5016"}],"collection":[{"href":"https:\/\/dahmira.pl\/en\/wp-json\/wp\/v2\/product"}],"about":[{"href":"https:\/\/dahmira.pl\/en\/wp-json\/wp\/v2\/types\/product"}],"replies":[{"embeddable":true,"href":"https:\/\/dahmira.pl\/en\/wp-json\/wp\/v2\/comments?post=5016"}],"wp:featuredmedia":[{"embeddable":true,"href":"https:\/\/dahmira.pl\/en\/wp-json\/wp\/v2\/media\/5017"}],"wp:attachment":[{"href":"https:\/\/dahmira.pl\/en\/wp-json\/wp\/v2\/media?parent=5016"}],"wp:term":[{"taxonomy":"product_cat","embeddable":true,"href":"https:\/\/dahmira.pl\/en\/wp-json\/wp\/v2\/product_cat?post=5016"},{"taxonomy":"product_tag","embeddable":true,"href":"https:\/\/dahmira.pl\/en\/wp-json\/wp\/v2\/product_tag?post=5016"}],"curies":[{"name":"wp","href":"https:\/\/api.w.org\/{rel}","templated":true}]}}