{"id":5010,"date":"2024-06-11T14:03:12","date_gmt":"2024-06-11T11:03:12","guid":{"rendered":"https:\/\/dahmira.pl\/?post_type=product&#038;p=5010"},"modified":"2024-08-02T10:54:26","modified_gmt":"2024-08-02T07:54:26","slug":"podpora-rury","status":"publish","type":"product","link":"https:\/\/dahmira.pl\/en\/product\/podpora-rury\/","title":{"rendered":"Podpora rury"},"content":{"rendered":"<div><\/div>\n","protected":false},"excerpt":{"rendered":"<ul>\n<li>Materia\u0142: stal nierdzewna<\/li>\n<li>Odleg\u0142o\u015b\u0107 mi\u0119dzy \u015bciankami: 10 mm<\/li>\n<li>Nadaje si\u0119 do rur \u00bd\u2033 (15 mm)<\/li>\n<\/ul>\n","protected":false},"featured_media":5011,"comment_status":"open","ping_status":"closed","template":"","meta":[],"product_cat":[81],"product_tag":[],"_links":{"self":[{"href":"https:\/\/dahmira.pl\/en\/wp-json\/wp\/v2\/product\/5010"}],"collection":[{"href":"https:\/\/dahmira.pl\/en\/wp-json\/wp\/v2\/product"}],"about":[{"href":"https:\/\/dahmira.pl\/en\/wp-json\/wp\/v2\/types\/product"}],"replies":[{"embeddable":true,"href":"https:\/\/dahmira.pl\/en\/wp-json\/wp\/v2\/comments?post=5010"}],"wp:featuredmedia":[{"embeddable":true,"href":"https:\/\/dahmira.pl\/en\/wp-json\/wp\/v2\/media\/5011"}],"wp:attachment":[{"href":"https:\/\/dahmira.pl\/en\/wp-json\/wp\/v2\/media?parent=5010"}],"wp:term":[{"taxonomy":"product_cat","embeddable":true,"href":"https:\/\/dahmira.pl\/en\/wp-json\/wp\/v2\/product_cat?post=5010"},{"taxonomy":"product_tag","embeddable":true,"href":"https:\/\/dahmira.pl\/en\/wp-json\/wp\/v2\/product_tag?post=5010"}],"curies":[{"name":"wp","href":"https:\/\/api.w.org\/{rel}","templated":true}]}}