{"id":5008,"date":"2024-06-11T13:48:55","date_gmt":"2024-06-11T10:48:55","guid":{"rendered":"https:\/\/dahmira.pl\/?post_type=product&#038;p=5008"},"modified":"2024-08-02T10:51:09","modified_gmt":"2024-08-02T07:51:09","slug":"zaciski-do-rur-15-mm","status":"publish","type":"product","link":"https:\/\/dahmira.pl\/en\/product\/zaciski-do-rur-15-mm\/","title":{"rendered":"Zaciski do rur \u00bd&#8221; (15 mm)"},"content":{"rendered":"<div><\/div>\n","protected":false},"excerpt":{"rendered":"<ul>\n<li>Materia\u0142: stal nierdzewna<\/li>\n<li>Odleg\u0142o\u015b\u0107 mi\u0119dzy \u015bciankami: 20 mm<\/li>\n<\/ul>\n","protected":false},"featured_media":5009,"comment_status":"open","ping_status":"closed","template":"","meta":[],"product_cat":[81],"product_tag":[],"_links":{"self":[{"href":"https:\/\/dahmira.pl\/en\/wp-json\/wp\/v2\/product\/5008"}],"collection":[{"href":"https:\/\/dahmira.pl\/en\/wp-json\/wp\/v2\/product"}],"about":[{"href":"https:\/\/dahmira.pl\/en\/wp-json\/wp\/v2\/types\/product"}],"replies":[{"embeddable":true,"href":"https:\/\/dahmira.pl\/en\/wp-json\/wp\/v2\/comments?post=5008"}],"wp:featuredmedia":[{"embeddable":true,"href":"https:\/\/dahmira.pl\/en\/wp-json\/wp\/v2\/media\/5009"}],"wp:attachment":[{"href":"https:\/\/dahmira.pl\/en\/wp-json\/wp\/v2\/media?parent=5008"}],"wp:term":[{"taxonomy":"product_cat","embeddable":true,"href":"https:\/\/dahmira.pl\/en\/wp-json\/wp\/v2\/product_cat?post=5008"},{"taxonomy":"product_tag","embeddable":true,"href":"https:\/\/dahmira.pl\/en\/wp-json\/wp\/v2\/product_tag?post=5008"}],"curies":[{"name":"wp","href":"https:\/\/api.w.org\/{rel}","templated":true}]}}