{"id":4955,"date":"2024-06-10T16:52:02","date_gmt":"2024-06-10T13:52:02","guid":{"rendered":"https:\/\/dahmira.pl\/?post_type=product&#038;p=4955"},"modified":"2024-08-02T10:15:23","modified_gmt":"2024-08-02T07:15:23","slug":"zlacze-z-nakretka-kolpakowa","status":"publish","type":"product","link":"https:\/\/dahmira.pl\/en\/product\/zlacze-z-nakretka-kolpakowa\/","title":{"rendered":"Z\u0142\u0105cze z nakr\u0119tk\u0105 ko\u0142pakow\u0105"},"content":{"rendered":"<div><\/div>\n","protected":false},"excerpt":{"rendered":"<ul>\n<li>Materia\u0142: stal nierdzewna<\/li>\n<li>Gwint: \u00bd&#8221; &#8211; \u00bd&#8221; (15 mm &#8211; 15 mm) wewn\u0119trzny\/zewn\u0119trzny<\/li>\n<\/ul>\n","protected":false},"featured_media":4956,"comment_status":"open","ping_status":"closed","template":"","meta":[],"product_cat":[81],"product_tag":[],"_links":{"self":[{"href":"https:\/\/dahmira.pl\/en\/wp-json\/wp\/v2\/product\/4955"}],"collection":[{"href":"https:\/\/dahmira.pl\/en\/wp-json\/wp\/v2\/product"}],"about":[{"href":"https:\/\/dahmira.pl\/en\/wp-json\/wp\/v2\/types\/product"}],"replies":[{"embeddable":true,"href":"https:\/\/dahmira.pl\/en\/wp-json\/wp\/v2\/comments?post=4955"}],"wp:featuredmedia":[{"embeddable":true,"href":"https:\/\/dahmira.pl\/en\/wp-json\/wp\/v2\/media\/4956"}],"wp:attachment":[{"href":"https:\/\/dahmira.pl\/en\/wp-json\/wp\/v2\/media?parent=4955"}],"wp:term":[{"taxonomy":"product_cat","embeddable":true,"href":"https:\/\/dahmira.pl\/en\/wp-json\/wp\/v2\/product_cat?post=4955"},{"taxonomy":"product_tag","embeddable":true,"href":"https:\/\/dahmira.pl\/en\/wp-json\/wp\/v2\/product_tag?post=4955"}],"curies":[{"name":"wp","href":"https:\/\/api.w.org\/{rel}","templated":true}]}}