{"id":4950,"date":"2024-06-10T16:06:20","date_gmt":"2024-06-10T13:06:20","guid":{"rendered":"https:\/\/dahmira.pl\/?post_type=product&#038;p=4950"},"modified":"2024-08-01T16:04:29","modified_gmt":"2024-08-01T13:04:29","slug":"zlacze-15-mm-15-mm","status":"publish","type":"product","link":"https:\/\/dahmira.pl\/en\/product\/zlacze-15-mm-15-mm\/","title":{"rendered":"Z\u0142\u0105cze \u00bd\u2033 &#8211; \u00bd\u2033 (15 mm &#8211; 15 mm)"},"content":{"rendered":"<div><\/div>\n","protected":false},"excerpt":{"rendered":"<ul>\n<li>Materia\u0142: stal nierdzewna<\/li>\n<li>D\u0142ugo\u015b\u0107: 35 mm<\/li>\n<\/ul>\n","protected":false},"featured_media":4951,"comment_status":"open","ping_status":"closed","template":"","meta":[],"product_cat":[81],"product_tag":[],"_links":{"self":[{"href":"https:\/\/dahmira.pl\/en\/wp-json\/wp\/v2\/product\/4950"}],"collection":[{"href":"https:\/\/dahmira.pl\/en\/wp-json\/wp\/v2\/product"}],"about":[{"href":"https:\/\/dahmira.pl\/en\/wp-json\/wp\/v2\/types\/product"}],"replies":[{"embeddable":true,"href":"https:\/\/dahmira.pl\/en\/wp-json\/wp\/v2\/comments?post=4950"}],"wp:featuredmedia":[{"embeddable":true,"href":"https:\/\/dahmira.pl\/en\/wp-json\/wp\/v2\/media\/4951"}],"wp:attachment":[{"href":"https:\/\/dahmira.pl\/en\/wp-json\/wp\/v2\/media?parent=4950"}],"wp:term":[{"taxonomy":"product_cat","embeddable":true,"href":"https:\/\/dahmira.pl\/en\/wp-json\/wp\/v2\/product_cat?post=4950"},{"taxonomy":"product_tag","embeddable":true,"href":"https:\/\/dahmira.pl\/en\/wp-json\/wp\/v2\/product_tag?post=4950"}],"curies":[{"name":"wp","href":"https:\/\/api.w.org\/{rel}","templated":true}]}}