{"id":4946,"date":"2024-06-10T15:47:05","date_gmt":"2024-06-10T12:47:05","guid":{"rendered":"https:\/\/dahmira.pl\/?post_type=product&#038;p=4946"},"modified":"2024-08-01T15:51:12","modified_gmt":"2024-08-01T12:51:12","slug":"adapter-15-mm","status":"publish","type":"product","link":"https:\/\/dahmira.pl\/en\/product\/adapter-15-mm\/","title":{"rendered":"Adapter \u00bd\u201d (15 mm)"},"content":{"rendered":"<div><\/div>\n","protected":false},"excerpt":{"rendered":"<ul>\n<li>Materia\u0142: stal nierdzewna<\/li>\n<li>Ma dwa wyj\u015bcia umieszczone w odleg\u0142o\u015bci 100 mm od siebie<\/li>\n<li>Gwint zewn\u0119trzny na g\u00f3rze adaptera<\/li>\n<\/ul>\n","protected":false},"featured_media":4947,"comment_status":"open","ping_status":"closed","template":"","meta":[],"product_cat":[81],"product_tag":[],"_links":{"self":[{"href":"https:\/\/dahmira.pl\/en\/wp-json\/wp\/v2\/product\/4946"}],"collection":[{"href":"https:\/\/dahmira.pl\/en\/wp-json\/wp\/v2\/product"}],"about":[{"href":"https:\/\/dahmira.pl\/en\/wp-json\/wp\/v2\/types\/product"}],"replies":[{"embeddable":true,"href":"https:\/\/dahmira.pl\/en\/wp-json\/wp\/v2\/comments?post=4946"}],"wp:featuredmedia":[{"embeddable":true,"href":"https:\/\/dahmira.pl\/en\/wp-json\/wp\/v2\/media\/4947"}],"wp:attachment":[{"href":"https:\/\/dahmira.pl\/en\/wp-json\/wp\/v2\/media?parent=4946"}],"wp:term":[{"taxonomy":"product_cat","embeddable":true,"href":"https:\/\/dahmira.pl\/en\/wp-json\/wp\/v2\/product_cat?post=4946"},{"taxonomy":"product_tag","embeddable":true,"href":"https:\/\/dahmira.pl\/en\/wp-json\/wp\/v2\/product_tag?post=4946"}],"curies":[{"name":"wp","href":"https:\/\/api.w.org\/{rel}","templated":true}]}}