{"id":4945,"date":"2024-06-10T15:16:58","date_gmt":"2024-06-10T12:16:58","guid":{"rendered":"https:\/\/dahmira.pl\/?post_type=product&#038;p=4945"},"modified":"2025-05-13T13:50:42","modified_gmt":"2025-05-13T10:50:42","slug":"uchwyt-poidla-do-mocowania-na-scianie-kat-90-do-kranu","status":"publish","type":"product","link":"https:\/\/dahmira.pl\/en\/product\/uchwyt-poidla-do-mocowania-na-scianie-kat-90-do-kranu\/","title":{"rendered":"Uchwyt poid\u0142a do mocowania na \u015bcianie, k\u0105t 90\u00b0, do kranu"},"content":{"rendered":"<div><\/div>\n","protected":false},"excerpt":{"rendered":"<ul>\n<li>Gwint: \u00bd&#8221; &#8211; \u00bd&#8221; (15 mm &#8211; 15 mm)<\/li>\n<\/ul>\n","protected":false},"featured_media":4944,"comment_status":"open","ping_status":"closed","template":"","meta":[],"product_cat":[81],"product_tag":[],"_links":{"self":[{"href":"https:\/\/dahmira.pl\/en\/wp-json\/wp\/v2\/product\/4945"}],"collection":[{"href":"https:\/\/dahmira.pl\/en\/wp-json\/wp\/v2\/product"}],"about":[{"href":"https:\/\/dahmira.pl\/en\/wp-json\/wp\/v2\/types\/product"}],"replies":[{"embeddable":true,"href":"https:\/\/dahmira.pl\/en\/wp-json\/wp\/v2\/comments?post=4945"}],"wp:featuredmedia":[{"embeddable":true,"href":"https:\/\/dahmira.pl\/en\/wp-json\/wp\/v2\/media\/4944"}],"wp:attachment":[{"href":"https:\/\/dahmira.pl\/en\/wp-json\/wp\/v2\/media?parent=4945"}],"wp:term":[{"taxonomy":"product_cat","embeddable":true,"href":"https:\/\/dahmira.pl\/en\/wp-json\/wp\/v2\/product_cat?post=4945"},{"taxonomy":"product_tag","embeddable":true,"href":"https:\/\/dahmira.pl\/en\/wp-json\/wp\/v2\/product_tag?post=4945"}],"curies":[{"name":"wp","href":"https:\/\/api.w.org\/{rel}","templated":true}]}}