{"id":4940,"date":"2024-06-10T15:02:58","date_gmt":"2024-06-10T12:02:58","guid":{"rendered":"https:\/\/dahmira.pl\/?post_type=product&#038;p=4940"},"modified":"2025-05-13T13:49:56","modified_gmt":"2025-05-13T10:49:56","slug":"uchwyt-poidla-do-mocowania-do-sciany-kat-30-2","status":"publish","type":"product","link":"https:\/\/dahmira.pl\/en\/product\/uchwyt-poidla-do-mocowania-do-sciany-kat-30-2\/","title":{"rendered":"Uchwyt poid\u0142a do mocowania do \u015bciany, k\u0105t 30\u00b0"},"content":{"rendered":"<div><\/div>\n","protected":false},"excerpt":{"rendered":"<p>Uchwyt poid\u0142a \u00be&#8221; &#8211; \u00be&#8221; (20 mm &#8211; 20 mm) to solidne mocowanie przeznaczone do monta\u017cu poide\u0142 na \u015bcianie. Wykonany jest ze stali nierdzewnej i jest odporny na korozj\u0119, dzi\u0119ki czemu idealnie nadaje si\u0119 do u\u017cytku w trudnych warunkach w gospodarstwie.<\/p>\n","protected":false},"featured_media":4941,"comment_status":"open","ping_status":"closed","template":"","meta":[],"product_cat":[81],"product_tag":[],"_links":{"self":[{"href":"https:\/\/dahmira.pl\/en\/wp-json\/wp\/v2\/product\/4940"}],"collection":[{"href":"https:\/\/dahmira.pl\/en\/wp-json\/wp\/v2\/product"}],"about":[{"href":"https:\/\/dahmira.pl\/en\/wp-json\/wp\/v2\/types\/product"}],"replies":[{"embeddable":true,"href":"https:\/\/dahmira.pl\/en\/wp-json\/wp\/v2\/comments?post=4940"}],"wp:featuredmedia":[{"embeddable":true,"href":"https:\/\/dahmira.pl\/en\/wp-json\/wp\/v2\/media\/4941"}],"wp:attachment":[{"href":"https:\/\/dahmira.pl\/en\/wp-json\/wp\/v2\/media?parent=4940"}],"wp:term":[{"taxonomy":"product_cat","embeddable":true,"href":"https:\/\/dahmira.pl\/en\/wp-json\/wp\/v2\/product_cat?post=4940"},{"taxonomy":"product_tag","embeddable":true,"href":"https:\/\/dahmira.pl\/en\/wp-json\/wp\/v2\/product_tag?post=4940"}],"curies":[{"name":"wp","href":"https:\/\/api.w.org\/{rel}","templated":true}]}}