{"id":4579,"date":"2024-04-22T13:23:08","date_gmt":"2024-04-22T10:23:08","guid":{"rendered":"https:\/\/dahmira.pl\/?post_type=product&#038;p=4579"},"modified":"2024-12-12T14:17:32","modified_gmt":"2024-12-12T11:17:32","slug":"system-linii-rownoleglych","status":"publish","type":"product","link":"https:\/\/dahmira.pl\/en\/product\/system-linii-rownoleglych\/","title":{"rendered":"System linii r\u00f3wnoleg\u0142ych"},"content":{"rendered":"<p style=\"text-align: center;\"><strong>WIELE RODZAJ\u00d3W PODAWANIA I \u0141ATWA OBS\u0141UGA<\/strong><\/p>\n<p>R\u00f3wnoleg\u0142y system karmienia mo\u017ce wybiera\u0107 r\u00f3\u017cne rodzaje pasz dla poszczeg\u00f3lnych karmnik\u00f3w. Ka\u017cdy rodzaj paszy jest transportowany w\u0142asn\u0105 lini\u0105 paszow\u0105 i przy ka\u017cdym karmniku podawany jest po\u017c\u0105dany rodzaj paszy, zamykaj\u0105c wylot paszy na jednej linii. Je\u015bli liczba karmnik\u00f3w dla ka\u017cdego rodzaju paszy jest mniej wi\u0119cej r\u00f3wna, to instalacje wieloliniowe osi\u0105gaj\u0105 wi\u0119ksz\u0105 wydajno\u015b\u0107 ni\u017c systemy fazowego karmienia z wsp\u00f3lnymi liniami paszowymi. Nale\u017cy jednak zauwa\u017cy\u0107, \u017ce wieloliniowy system karmienia zajmuje wi\u0119cej miejsca i wymaga inwestycji w podw\u00f3jn\u0105 liczb\u0119 nap\u0119d\u00f3w, rur, k\u0105t\u00f3w, wylot\u00f3w paszy i blok\u00f3w steruj\u0105cych. Ka\u017cda linia paszowa jest skonstruowana jako oddzielny system karmienia. Po nape\u0142nieniu linii pasz\u0105, podawanie jest zatrzymywane przez czujnik nape\u0142nienia.<\/p>\n<p style=\"text-align: center;\"><strong>Typowe elementy systemu podawania r\u00f3wnoleg\u0142ego:<\/strong><\/p>\n<table border=\"1\" width=\"100%\">\n<tbody>\n<tr>\n<td style=\"padding-left: 40px;\" width=\"40%\">System transportowy:<\/td>\n<td width=\"25%\">Spust paszy<span style=\"font-family: inherit; font-size: inherit;\">:<\/span><\/td>\n<td width=\"30%\">Dozowniki:<\/td>\n<\/tr>\n<tr>\n<td>\n<ul>\n<li style=\"list-style-type: none;\">\n<ul>\n<li style=\"list-style-type: none;\">\n<ul>\n<li style=\"list-style-type: none;\">\n<ul>\n<li>Nap\u0119d i silnik<\/li>\n<li>Kosz zasypowy &#8211; odbiornik (mechaniczny lub elektryczny)<\/li>\n<li>Dozownik DC (dla minera\u0142\u00f3w)<\/li>\n<li>Kolana paszoci\u0105gu<\/li>\n<li>Rury i z\u0142\u0105czki<\/li>\n<li>Lina z kr\u0105\u017ckami<\/li>\n<li>Sekcja obserwacyjna<\/li>\n<\/ul>\n<\/li>\n<\/ul>\n<\/li>\n<\/ul>\n<\/li>\n<\/ul>\n<p>&nbsp;<\/td>\n<td>\n<ul>\n<li>Spust paszy<\/li>\n<li>Rura teleskopowa<\/li>\n<li>Rury PVC \u00d875 mm<\/li>\n<\/ul>\n<\/td>\n<td>\n<ul>\n<li>EasyFeed z Y-z\u0142\u0105czem<\/li>\n<li>Rura PVC \u00d875 mm<\/li>\n<li>Stalowa rura spustowa \u00d880 mm<\/li>\n<li>Podw\u00f3jna obejma<\/li>\n<\/ul>\n<\/td>\n<\/tr>\n<tr>\n<td style=\"padding-left: 40px;\" width=\"40%\">Spust paszy dla dozownik\u00f3w:<\/td>\n<td colspan=\"2\">Sterowanie:<\/td>\n<\/tr>\n<tr>\n<td>\n<ul>\n<li style=\"list-style-type: none;\">\n<ul>\n<li style=\"list-style-type: none;\">\n<ul>\n<li style=\"list-style-type: none;\">\n<ul>\n<li>Spust r\u0119czny (d\u017awignia)<\/li>\n<li>Si\u0142ownik (do automatycznego spustu)<\/li>\n<li>Zestaw monta\u017cowy do si\u0142ownik\u00f3w<\/li>\n<li>Lina \u00d82 mm<\/li>\n<li>Lina \u00d84 mm<\/li>\n<li>Rolka lub rolka z mocowaniem<\/li>\n<li>Kabel\/lina zamek<\/li>\n<\/ul>\n<\/li>\n<\/ul>\n<\/li>\n<\/ul>\n<\/li>\n<\/ul>\n<\/td>\n<td colspan=\"2\">\n<ul>\n<li>Jednostka steruj\u0105ca Daltec 1001<\/li>\n<li>Zestaw przeka\u017anik\u00f3w Daltec 1001 (z odbiornikiem elektrycznym)<\/li>\n<li>Zmiana silosu (je\u015bli z dwoma odbiornikami elektrycznymi)<\/li>\n<li>Timer<\/li>\n<li>Czujnik nape\u0142nienia<\/li>\n<li>Dodatkowa ochrona<\/li>\n<\/ul>\n<\/td>\n<\/tr>\n<\/tbody>\n<\/table>\n<p>&nbsp;<\/p>\n<div class=\"block\">\n<div class=\"flex\">\n<p><img loading=\"lazy\" decoding=\"async\" class=\"size-medium wp-image-3790 alignright\" style=\"text-align: center;\" src=\"http:\/\/dahmira.com.ua\/wp-content\/uploads\/2024\/04\/02052014492_lys-1024x575-1.webp\" alt=\"\" width=\"274\" height=\"154\" \/><\/p>\n<div class=\"flex-column size-70\">\n<h3><\/h3>\n<h3><strong>KOLOROWE OTWORY WYLOTOWE<\/strong><\/h3>\n<p>&nbsp;<\/p>\n<p>R\u00f3\u017cnokolorowe wyloty u\u0142atwiaj\u0105 otwieranie w\u0142a\u015bciwej linii paszowej.<\/p>\n<\/div>\n<\/div>\n<\/div>\n<div class=\"block\">\n<div class=\"flex\">\n<p><img loading=\"lazy\" decoding=\"async\" class=\" wp-image-3790 alignright\" style=\"text-align: center;\" src=\"http:\/\/dahmira.com.ua\/wp-content\/uploads\/2024\/04\/Easy_Feed_Y_Tilslutning_2-2-1020x1024-1.webp\" alt=\"\" width=\"276\" height=\"277\" \/><\/p>\n<div class=\"flex-column size-70\">\n<h3><\/h3>\n<h3><\/h3>\n<h3><\/h3>\n<h3>Dozowniki paszy z oszcz\u0119dzaj\u0105cym miejsce pod\u0142\u0105czeniem dwuliniowym<\/h3>\n<p>&nbsp;<\/p>\n<p>Dozownik paszy EasyFeed mo\u017cna po\u0142\u0105czy\u0107 ze specjalnie opracowanym podw\u00f3jnym pod\u0142\u0105czeniem. Pod\u0142\u0105czenie jest proste do zamontowania na dw\u00f3ch liniach paszowych i \u0142atwe do po\u0142\u0105czenia z dozownikiem paszy.<\/p>\n<p>Kolorowe przepustnice obrotowe i zestaw sznurk\u00f3w z czerwono-zielonym oznaczeniem otwarcia\/zamkni\u0119cia r\u00f3wnie\u017c u\u0142atwiaj\u0105 kontrol\u0119 nad podzia\u0142em dw\u00f3ch mieszanek paszowych.<\/p>\n<\/div>\n<\/div>\n<\/div>\n<h3 style=\"text-align: center;\"><strong>DOWIEDZ SI\u0118 WI\u0118CEJ O SYSTEMIE LINII R\u00d3WNOLEG\u0141YCH W BROSZURZE<\/strong><\/h3>\n<h3 style=\"text-align: center;\"><img loading=\"lazy\" decoding=\"async\" class=\"alignnone wp-image-4583\" src=\"https:\/\/dahmira.pl\/wp-content\/uploads\/2024\/04\/1-6-212x300.png\" alt=\"\" width=\"429\" height=\"607\" srcset=\"https:\/\/dahmira.pl\/wp-content\/uploads\/2024\/04\/1-6-212x300.png 212w, https:\/\/dahmira.pl\/wp-content\/uploads\/2024\/04\/1-6-354x500.png 354w, https:\/\/dahmira.pl\/wp-content\/uploads\/2024\/04\/1-6-600x849.png 600w, https:\/\/dahmira.pl\/wp-content\/uploads\/2024\/04\/1-6-724x1024.png 724w, https:\/\/dahmira.pl\/wp-content\/uploads\/2024\/04\/1-6-768x1086.png 768w, https:\/\/dahmira.pl\/wp-content\/uploads\/2024\/04\/1-6-1086x1536.png 1086w, https:\/\/dahmira.pl\/wp-content\/uploads\/2024\/04\/1-6.png 1414w\" sizes=\"(max-width: 429px) 100vw, 429px\" \/><img loading=\"lazy\" decoding=\"async\" class=\"alignnone wp-image-4584\" src=\"https:\/\/dahmira.pl\/wp-content\/uploads\/2024\/04\/foto-2-212x300.png\" alt=\"\" width=\"429\" height=\"607\" srcset=\"https:\/\/dahmira.pl\/wp-content\/uploads\/2024\/04\/foto-2-212x300.png 212w, https:\/\/dahmira.pl\/wp-content\/uploads\/2024\/04\/foto-2-354x500.png 354w, https:\/\/dahmira.pl\/wp-content\/uploads\/2024\/04\/foto-2-600x849.png 600w, https:\/\/dahmira.pl\/wp-content\/uploads\/2024\/04\/foto-2-724x1024.png 724w, https:\/\/dahmira.pl\/wp-content\/uploads\/2024\/04\/foto-2-768x1086.png 768w, https:\/\/dahmira.pl\/wp-content\/uploads\/2024\/04\/foto-2-1086x1536.png 1086w, https:\/\/dahmira.pl\/wp-content\/uploads\/2024\/04\/foto-2.png 1414w\" sizes=\"(max-width: 429px) 100vw, 429px\" \/><\/h3>\n","protected":false},"excerpt":{"rendered":"<p>System r\u00f3wnoleg\u0142ych linii umo\u017cliwia u\u017cycie kilku mieszanek paszowych. Na ka\u017cd\u0105 dawk\u0119 pokarmow\u0105 przypada jeden system, kt\u00f3ry jest bardzo \u0142atwy w obs\u0142udze. Dzi\u0119ki r\u00f3\u017cnym kolorom otwor\u00f3w wylotowych mo\u017cesz \u0142atwo kontrolowa\u0107 poszczeg\u00f3lne linie nawet w du\u017cych systemach.<\/p>\n<p>Pracownicy potrzebuj\u0105 minimalnych wyja\u015bnie\u0144 i szkole\u0144, aby nauczy\u0107 si\u0119 obs\u0142ugi systemu, a prosty kontroler zmniejsza ryzyko b\u0142\u0119d\u00f3w.<\/p>\n<p>W ten spos\u00f3b system ten umo\u017cliwia efektywne, \u0142atwe i precyzyjne podawanie produktu!<strong><em>\u00a0<\/em><\/strong><\/p>\n","protected":false},"featured_media":4523,"comment_status":"open","ping_status":"closed","template":"","meta":[],"product_cat":[72],"product_tag":[],"_links":{"self":[{"href":"https:\/\/dahmira.pl\/en\/wp-json\/wp\/v2\/product\/4579"}],"collection":[{"href":"https:\/\/dahmira.pl\/en\/wp-json\/wp\/v2\/product"}],"about":[{"href":"https:\/\/dahmira.pl\/en\/wp-json\/wp\/v2\/types\/product"}],"replies":[{"embeddable":true,"href":"https:\/\/dahmira.pl\/en\/wp-json\/wp\/v2\/comments?post=4579"}],"wp:featuredmedia":[{"embeddable":true,"href":"https:\/\/dahmira.pl\/en\/wp-json\/wp\/v2\/media\/4523"}],"wp:attachment":[{"href":"https:\/\/dahmira.pl\/en\/wp-json\/wp\/v2\/media?parent=4579"}],"wp:term":[{"taxonomy":"product_cat","embeddable":true,"href":"https:\/\/dahmira.pl\/en\/wp-json\/wp\/v2\/product_cat?post=4579"},{"taxonomy":"product_tag","embeddable":true,"href":"https:\/\/dahmira.pl\/en\/wp-json\/wp\/v2\/product_tag?post=4579"}],"curies":[{"name":"wp","href":"https:\/\/api.w.org\/{rel}","templated":true}]}}